{"id":7287,"date":"2019-02-07T14:40:19","date_gmt":"2019-02-07T19:40:19","guid":{"rendered":"https:\/\/www.durodynecanada.com\/products\/aluminum\/"},"modified":"2022-06-16T15:16:04","modified_gmt":"2022-06-16T19:16:04","slug":"aluminum","status":"publish","type":"page","link":"https:\/\/www.durodynecanada.com\/fr\/nos-produits\/aluminum\/","title":{"rendered":"Commercial \/ Aluminum"},"content":{"rendered":"<h1 style=\"text-align: center;\"><img loading=\"lazy\" decoding=\"async\" class=\"aligncenter wp-image-5998 size-full\" src=\"https:\/\/www.durodynecanada.com\/wp-content\/uploads\/GRD_Images\/dynovent_logo.jpg\" alt=\"Dyn-O-Vent Logo\" width=\"600\" height=\"94\" srcset=\"https:\/\/www.durodynecanada.com\/wp-content\/uploads\/GRD_Images\/dynovent_logo.jpg 600w, https:\/\/www.durodynecanada.com\/wp-content\/uploads\/GRD_Images\/dynovent_logo-300x47.jpg 300w, https:\/\/www.durodynecanada.com\/wp-content\/uploads\/GRD_Images\/dynovent_logo-540x85.jpg 540w\" sizes=\"(max-width: 600px) 100vw, 600px\" \/><\/h1>\n<h1 style=\"text-align: center;\">ALUMINIUM COMMERCIAL<br \/>\nGRILLES, REGISTRES ET DIFFUSEURS<\/h1>\n<h3>Montage mural horizontal en aluminium<img loading=\"lazy\" decoding=\"async\" class=\"wp-image-6037 alignright\" src=\"https:\/\/www.durodynecanada.com\/wp-content\/uploads\/GRD_Images\/easwh_alum.jpg\" alt=\"EASWH Sidewall Mount Horizontal Single Deflection Supply Grille\" width=\"125\" height=\"89\" srcset=\"https:\/\/www.durodynecanada.com\/wp-content\/uploads\/GRD_Images\/easwh_alum.jpg 291w, https:\/\/www.durodynecanada.com\/wp-content\/uploads\/GRD_Images\/easwh_alum-100x70.jpg 100w\" sizes=\"(max-width: 125px) 100vw, 125px\" \/><br \/>\nGrille d&rsquo;alimentation \u00e0 d\u00e9flexion simple, sans registre (EASWH)<\/h3>\n<ul>\n<li>Construction en aluminium extrud\u00e9<\/li>\n<li>Lames \u00e0 face horizontale r\u00e9glables individuellement<\/li>\n<li>Les lames sont espac\u00e9es de 3\/4&Prime; aux centres<\/li>\n<li>D\u00e9flexion unique<\/li>\n<li>Pas d&rsquo;amortisseur<\/li>\n<li>Disponible en finition blanche durable<\/li>\n<\/ul>\n<p><a href=\"https:\/\/www.durodynecanada.com\/wp-content\/uploads\/GRD_Submitals\/EASWH_Submittal.pdf\"><strong>EASWH Sidewall Mount Horizontal Single Deflection Supply Grille Submittal<\/strong><\/a><\/p>\n<h3>Montage lat\u00e9ral Horizontal Aluminium<br \/>\nRegistres de double d\u00e9flexion (ASWHDD)<img loading=\"lazy\" decoding=\"async\" class=\"wp-image-6038 alignright\" src=\"https:\/\/www.durodynecanada.com\/wp-content\/uploads\/GRD_Images\/aswhdd.jpg\" alt=\"ASWHDD Sidewall Mount Double Deflection\" width=\"125\" height=\"70\"><\/h3>\n<ul>\n<li>Construction en aluminium extrud\u00e9<\/li>\n<li>Lames de face verticales r\u00e9glables individuellement<\/li>\n<li>Disponible en double d\u00e9flexion<\/li>\n<li>Disponible en finition blanche durable<\/li>\n<\/ul>\n<p><a href=\"https:\/\/www.durodynecanada.com\/wp-content\/uploads\/GRD_Submitals\/ASWVDD_ASWHDD_ASWVDDOB_ASWHDDOB_Submittal.pdf\"><strong>ASWHDD Sidewall Mount Horizontal Aluminum Double Deflection Register Submittal<\/strong><\/a><\/p>\n<h3>Registre \u00e0 lames oppos\u00e9es en aluminium seulement<img loading=\"lazy\" decoding=\"async\" class=\"wp-image-6039 alignright\" src=\"https:\/\/www.durodynecanada.com\/wp-content\/uploads\/GRD_Images\/aobd-300x153.jpg\" alt=\"AOBD Aluminum Opposed Blade Damper Only for ASWHDD\" width=\"126\" height=\"64\" srcset=\"https:\/\/www.durodynecanada.com\/wp-content\/uploads\/GRD_Images\/aobd-300x153.jpg 300w, https:\/\/www.durodynecanada.com\/wp-content\/uploads\/GRD_Images\/aobd.jpg 350w\" sizes=\"(max-width: 126px) 100vw, 126px\" \/><br \/>\npour les registres ASWHDD (AOBD)<\/h3>\n<ul>\n<li>Construction en aluminium<\/li>\n<li>Registre \u00e0 lames oppos\u00e9es pour le contr\u00f4le du volume<\/li>\n<li>\u00c0 utiliser avec les registres horizontaux \u00e0 double d\u00e9flexion ASWHDD \u00e0 montage lat\u00e9ral<\/li>\n<li>Disponible uniquement en finition \u00ab\u00a0mill\u00a0\u00bb.<\/li>\n<\/ul>\n<p><a href=\"https:\/\/www.durodynecanada.com\/wp-content\/uploads\/GRD_Submitals\/OBD_Damper_Alum_Steel_Submittal-1.pdf\"><strong>AOBD Aluminum Opposed Blade Damper Submittal<\/strong><\/a><\/p>\n<h3>Montage lat\u00e9ral Horizontal Aluminium<img loading=\"lazy\" decoding=\"async\" class=\"wp-image-6038 alignright\" src=\"https:\/\/www.durodynecanada.com\/wp-content\/uploads\/GRD_Images\/aswhdd.jpg\" alt=\"ASWHDD Sidewall Mount Double Deflection\" width=\"125\" height=\"70\"><br \/>\nRegistres \u00e0 double d\u00e9flexion avec<br \/>\nRegistre \u00e0 lames oppos\u00e9es (ASWHDD_WOB)<\/h3>\n<ul>\n<li>Construction en aluminium extrud\u00e9<img loading=\"lazy\" decoding=\"async\" class=\"wp-image-6039 alignright\" src=\"https:\/\/www.durodynecanada.com\/wp-content\/uploads\/GRD_Images\/aobd-300x153.jpg\" alt=\"AOBD Aluminum Opposed Blade Damper Only for ASWHDD\" width=\"126\" height=\"64\" srcset=\"https:\/\/www.durodynecanada.com\/wp-content\/uploads\/GRD_Images\/aobd-300x153.jpg 300w, https:\/\/www.durodynecanada.com\/wp-content\/uploads\/GRD_Images\/aobd.jpg 350w\" sizes=\"(max-width: 126px) 100vw, 126px\" \/><\/li>\n<li>Lames verticales r\u00e9glables individuellement<\/li>\n<li>Disponible avec registre \u00e0 lames oppos\u00e9es<\/li>\n<li>Disponible en double d\u00e9flexion<\/li>\n<li>Disponible en finition blanche durable<\/li>\n<li>Complet avec le registre \u00e0 lames oppos\u00e9es en aluminium AOBD &#8211; Finition en usine.<\/li>\n<\/ul>\n<h3><strong>Grilles de reprise d&rsquo;air en aluminium (ARAG)<img loading=\"lazy\" decoding=\"async\" class=\"wp-image-6040 alignright\" src=\"https:\/\/www.durodynecanada.com\/wp-content\/uploads\/GRD_Images\/arag-300x294.jpg\" alt=\"ARAG Aluminum Return Air Grille\" width=\"125\" height=\"123\" srcset=\"https:\/\/www.durodynecanada.com\/wp-content\/uploads\/GRD_Images\/arag-300x294.jpg 300w, https:\/\/www.durodynecanada.com\/wp-content\/uploads\/GRD_Images\/arag-600x589.jpg 600w, https:\/\/www.durodynecanada.com\/wp-content\/uploads\/GRD_Images\/arag-75x75.jpg 75w, https:\/\/www.durodynecanada.com\/wp-content\/uploads\/GRD_Images\/arag-540x530.jpg 540w, https:\/\/www.durodynecanada.com\/wp-content\/uploads\/GRD_Images\/arag.jpg 709w\" sizes=\"(max-width: 125px) 100vw, 125px\" \/><\/strong><\/h3>\n<ul>\n<li>Construction en aluminium extrud\u00e9<\/li>\n<li>Barres horizontales fix\u00e9es de fa\u00e7on permanente dans un cadre en aluminium lourd<\/li>\n<li>Disponible en finition blanche durable<\/li>\n<\/ul>\n<p><a href=\"https:\/\/www.durodynecanada.com\/wp-content\/uploads\/GRD_Submitals\/ARAG_Submittal.pdf\"><strong>ARAG Aluminum Return Air Grille Submittal<\/strong><\/a><\/p>\n<h3>Grille du filtre de retour d&rsquo;air en aluminium (ARAGF)<img loading=\"lazy\" decoding=\"async\" class=\"wp-image-6041 alignright\" src=\"https:\/\/www.durodynecanada.com\/wp-content\/uploads\/GRD_Images\/aragf-300x294.jpg\" alt=\"ARAGF Aluminum Return Air Filter Grille\" width=\"125\" height=\"123\" srcset=\"https:\/\/www.durodynecanada.com\/wp-content\/uploads\/GRD_Images\/aragf-300x294.jpg 300w, https:\/\/www.durodynecanada.com\/wp-content\/uploads\/GRD_Images\/aragf-600x588.jpg 600w, https:\/\/www.durodynecanada.com\/wp-content\/uploads\/GRD_Images\/aragf-75x75.jpg 75w, https:\/\/www.durodynecanada.com\/wp-content\/uploads\/GRD_Images\/aragf-540x529.jpg 540w, https:\/\/www.durodynecanada.com\/wp-content\/uploads\/GRD_Images\/aragf.jpg 709w\" sizes=\"(max-width: 125px) 100vw, 125px\" \/><\/h3>\n<ul>\n<li>Construction en aluminium extrud\u00e9<\/li>\n<li>Barres horizontales fix\u00e9es de fa\u00e7on permanente dans un cadre en aluminium lourd<\/li>\n<li>Convient aux m\u00e9dias filtrants standard de 1&Prime; &#8211; filtre non inclus<\/li>\n<li>Disponible en finition blanche durable<\/li>\n<\/ul>\n<p><a href=\"https:\/\/www.durodynecanada.com\/wp-content\/uploads\/GRD_Submitals\/ARAGF_Submittal.pdf\"><strong>ARAGF Aluminum Return Air Filter Grille Submittal<\/strong><\/a><\/p>\n<h3>Diffuseur carr\u00e9 en aluminium pour montage au plafond 4 voies (A4SCD)<img loading=\"lazy\" decoding=\"async\" class=\"wp-image-6042 alignright\" src=\"https:\/\/www.durodynecanada.com\/wp-content\/uploads\/GRD_Images\/a4scd.jpg\" alt=\"A4SCD Aluminum Square Ceiling Mount Diffuser-4 Way\" width=\"125\" height=\"124\" srcset=\"https:\/\/www.durodynecanada.com\/wp-content\/uploads\/GRD_Images\/a4scd.jpg 225w, https:\/\/www.durodynecanada.com\/wp-content\/uploads\/GRD_Images\/a4scd-100x100.jpg 100w, https:\/\/www.durodynecanada.com\/wp-content\/uploads\/GRD_Images\/a4scd-150x150.jpg 150w, https:\/\/www.durodynecanada.com\/wp-content\/uploads\/GRD_Images\/a4scd-75x75.jpg 75w\" sizes=\"(max-width: 125px) 100vw, 125px\" \/><\/h3>\n<ul>\n<li>Registre \u00e0 lames oppos\u00e9es<\/li>\n<li>Pour application au plafond<\/li>\n<li>D\u00e9viation de l&rsquo;air dans quatre directions<\/li>\n<li>Disponible en finition blanche durable<\/li>\n<\/ul>\n<p><a href=\"https:\/\/www.durodynecanada.com\/wp-content\/uploads\/GRD_Submitals\/A4SCD_Submittal.pdf\"><strong>A4SCD Aluminum Square Ceiling Mount Diffuser Submittal<br \/>\n<\/strong><\/a><\/p>\n<h3>Grilles \u00e0 noyau cubique de retour d&rsquo;air en aluminium (CC12N)<img loading=\"lazy\" decoding=\"async\" class=\"wp-image-6053 alignright\" src=\"https:\/\/www.durodynecanada.com\/wp-content\/uploads\/GRD_Images\/cc12n_sm-300x295.jpg\" alt=\"CC12N Aluminum Return Air Cube Core\" width=\"125\" height=\"123\" srcset=\"https:\/\/www.durodynecanada.com\/wp-content\/uploads\/GRD_Images\/cc12n_sm-300x295.jpg 300w, https:\/\/www.durodynecanada.com\/wp-content\/uploads\/GRD_Images\/cc12n_sm-600x591.jpg 600w, https:\/\/www.durodynecanada.com\/wp-content\/uploads\/GRD_Images\/cc12n_sm-75x75.jpg 75w, https:\/\/www.durodynecanada.com\/wp-content\/uploads\/GRD_Images\/cc12n_sm-540x532.jpg 540w, https:\/\/www.durodynecanada.com\/wp-content\/uploads\/GRD_Images\/cc12n_sm.jpg 709w\" sizes=\"(max-width: 125px) 100vw, 125px\" \/><\/h3>\n<ul>\n<li>Construction en aluminium extrud\u00e9<\/li>\n<li>Fabrication d&rsquo;un noyau de grille en aluminium de 1\/2 \u00ab\u00a0x1\/2 \u00ab\u00a0x1\/2\u00a0\u00bb.<\/li>\n<li>Sans filtre<\/li>\n<li>Disponible en finition blanche durable<\/li>\n<\/ul>\n<p><strong><a href=\"https:\/\/www.durodynecanada.com\/wp-content\/uploads\/GRD_Submitals\/CC12N_USA_Submittal.pdf\">CC12N Aluminum Return Air Cube Core Submittal (USA)<\/a><\/strong><\/p>\n<p><a href=\"https:\/\/www.durodynecanada.com\/wp-content\/uploads\/GRD_Submitals\/CC12N_IMPORT_Submittal.pdf\"><strong>CC12N Aluminum Return Air Cube Core Submittal (IMPORT)<\/strong><\/a><\/p>\n","protected":false},"excerpt":{"rendered":"<p>ALUMINIUM COMMERCIAL GRILLES, REGISTRES ET DIFFUSEURS Montage mural horizontal en aluminium Grille d&rsquo;alimentation \u00e0 d\u00e9flexion simple, sans registre (EASWH) Construction en aluminium extrud\u00e9 Lames \u00e0 face horizontale r\u00e9glables individuellement Les lames sont espac\u00e9es de 3\/4&Prime; aux centres D\u00e9flexion unique Pas d&rsquo;amortisseur Disponible en finition blanche durable EASWH Sidewall Mount Horizontal Single Deflection Supply Grille Submittal &hellip;<\/p>\n","protected":false},"author":7,"featured_media":0,"parent":7603,"menu_order":0,"comment_status":"closed","ping_status":"closed","template":"","meta":{"_acf_changed":false,"footnotes":""},"acf":[],"_links":{"self":[{"href":"https:\/\/www.durodynecanada.com\/fr\/wp-json\/wp\/v2\/pages\/7287"}],"collection":[{"href":"https:\/\/www.durodynecanada.com\/fr\/wp-json\/wp\/v2\/pages"}],"about":[{"href":"https:\/\/www.durodynecanada.com\/fr\/wp-json\/wp\/v2\/types\/page"}],"author":[{"embeddable":true,"href":"https:\/\/www.durodynecanada.com\/fr\/wp-json\/wp\/v2\/users\/7"}],"replies":[{"embeddable":true,"href":"https:\/\/www.durodynecanada.com\/fr\/wp-json\/wp\/v2\/comments?post=7287"}],"version-history":[{"count":3,"href":"https:\/\/www.durodynecanada.com\/fr\/wp-json\/wp\/v2\/pages\/7287\/revisions"}],"predecessor-version":[{"id":8302,"href":"https:\/\/www.durodynecanada.com\/fr\/wp-json\/wp\/v2\/pages\/7287\/revisions\/8302"}],"up":[{"embeddable":true,"href":"https:\/\/www.durodynecanada.com\/fr\/wp-json\/wp\/v2\/pages\/7603"}],"wp:attachment":[{"href":"https:\/\/www.durodynecanada.com\/fr\/wp-json\/wp\/v2\/media?parent=7287"}],"curies":[{"name":"wp","href":"https:\/\/api.w.org\/{rel}","templated":true}]}}