{"id":7284,"date":"2019-05-13T15:58:34","date_gmt":"2019-05-13T19:58:34","guid":{"rendered":"https:\/\/www.durodynecanada.com\/products\/cleats\/"},"modified":"2022-06-16T15:14:43","modified_gmt":"2022-06-16T19:14:43","slug":"cleats","status":"publish","type":"page","link":"https:\/\/www.durodynecanada.com\/fr\/nos-produits\/cleats\/","title":{"rendered":"Cleats"},"content":{"rendered":"<h1>CLEATS<\/h1>\n<h2>DOM CLT Cleats<\/h2>\n<ul>\n<li><strong>DOM-CLT<\/strong> et <strong>DOM-PCLT<\/strong> pour utilisation avec <strong>DOMJ<\/strong> &amp; <strong>DOMH<\/strong> Brides de calibre 20 pour des raccordements \u00e9tanches aux conduits.<\/li>\n<li><strong>DOM-CLT<\/strong> et <strong>TDF-CLT<\/strong> sont fabriqu\u00e9s \u00e0 partir de pi\u00e8ces de 6&Prime; en acier galvanis\u00e9 de calibre 20.<\/li>\n<\/ul>\n<p><img loading=\"lazy\" decoding=\"async\" class=\"alignnone size-full wp-image-6207\" src=\"https:\/\/www.durodynecanada.com\/wp-content\/uploads\/D-MATE_Pics\/dom_clt.jpg\" alt=\"DOM-CLT Cleat\" width=\"295\" height=\"162\"><\/p>\n<p><a href=\"https:\/\/www.durodynecanada.com\/wp-content\/uploads\/D-MATE_Pdf\/cleats_submittal_4_2021.pdf\">Cleats Submittal<\/a><\/p>\n<h2>TDC et TDF Cleats<\/h2>\n<ul>\n<li><strong>TDF-CLT<\/strong> est utilis\u00e9 avec <strong>TDF<\/strong> connection.<\/li>\n<li><strong>TDC-CLT<\/strong> est utilis\u00e9 avec <strong>TDC<\/strong> connection.<\/li>\n<li><strong>TDC\/TDF-2230<\/strong> est un acier de calibre 22 form\u00e9 en longueurs de 30 po et divis\u00e9 en cinq taquets de 6 po qui sont partiellement coup\u00e9s, ce qui permet de les s\u00e9parer facilement en pi\u00e8ces de 6 po.<\/li>\n<\/ul>\n<p><img loading=\"lazy\" decoding=\"async\" class=\"alignnone wp-image-6208 size-full\" src=\"https:\/\/www.durodynecanada.com\/wp-content\/uploads\/D-MATE_Pics\/tdc_tdf_cleat.jpg\" alt=\"TDC and TDF Cleat\" width=\"432\" height=\"162\" srcset=\"https:\/\/www.durodynecanada.com\/wp-content\/uploads\/D-MATE_Pics\/tdc_tdf_cleat.jpg 432w, https:\/\/www.durodynecanada.com\/wp-content\/uploads\/D-MATE_Pics\/tdc_tdf_cleat-300x113.jpg 300w\" sizes=\"(max-width: 432px) 100vw, 432px\" \/><\/p>\n<p><a href=\"https:\/\/www.durodynecanada.com\/wp-content\/uploads\/D-MATE_Pdf\/cleats_submittal_4_2021.pdf\">Cleats Submittal<\/a><\/p>\n<h2>Quad Cleat et Quad Cleat Plus<\/h2>\n<p>Les taquets Quad et le Quad Cleat Plus sont compatibles avec les brides Dyn-O-Mate\u00ae J, Ductmate\u2122 35, CL Ward\u2122 J, Ward Industries\u2122 J, Hardcast\u2122, les raccords TDC, TDF et TDX. Rendant n\u00e9cessaire le stockage d&rsquo;un seul taquet.<br \/>\n\u25aa QXCLT20-125 est fabriqu\u00e9 en acier galvanis\u00e9 20 ga.<br \/>\n\u25aa DOMQCLT, HDQC-PLUS et HDQC-PLUS-SS sont fabriqu\u00e9s en acier galvanis\u00e9 de 22 ga.<br \/>\n\u25aa Le taquet quadruple \u00e0 usage intensif Plus est con\u00e7u sp\u00e9cifiquement pour les conduits transversaux \u00e0 haute pression et \u00e0 usage intensif.<br \/>\n\u25aa Le Quad Cleat et le Quad Cleat Plus int\u00e8grent tous deux des \u00a0\u00bb fl\u00e9chettes \u00a0\u00bb gaufr\u00e9es qui aident le taquet \u00e0 se verrouiller fermement sur la bride.<\/p>\n<p><img loading=\"lazy\" decoding=\"async\" class=\"alignnone wp-image-6209 size-full\" src=\"https:\/\/www.durodynecanada.com\/wp-content\/uploads\/D-MATE_Pics\/quadcleat.jpg\" alt=\"Quadcleat\" width=\"396\" height=\"154\" srcset=\"https:\/\/www.durodynecanada.com\/wp-content\/uploads\/D-MATE_Pics\/quadcleat.jpg 396w, https:\/\/www.durodynecanada.com\/wp-content\/uploads\/D-MATE_Pics\/quadcleat-300x117.jpg 300w\" sizes=\"(max-width: 396px) 100vw, 396px\" \/><\/p>\n<p><img loading=\"lazy\" decoding=\"async\" class=\"alignnone wp-image-6210 size-full\" src=\"https:\/\/www.durodynecanada.com\/wp-content\/uploads\/D-MATE_Pics\/quadcleatplus.jpg\" alt=\"Quadcleat Plus\" width=\"281\" height=\"136\"><\/p>\n<p><a href=\"https:\/\/www.durodynecanada.com\/wp-content\/uploads\/D-MATE_Pdf\/quadcleat_litsheet_060821.pdf\">Quad Cleat Literature Sheet<\/a><\/p>\n<p><a href=\"https:\/\/www.durodynecanada.com\/wp-content\/uploads\/D-MATE_Pdf\/cleats_submittal_4_2021.pdf\">Cleats Submittal<\/a><\/p>\n<h2>PVC Quad Cleat<\/h2>\n<p>Les taquets Quad en PVC sont compatibles avec les brides Dyn-O-Mate\u00ae J, Ductmate\u2122 35, CL Ward\u2122 J, Ward Industries\u2122 J, Hardcast\u2122, les raccords TDC, TDF et TDX et la plupart des brides concurrentes, ce qui rend n\u00e9cessaire le stockage d&rsquo;un seul taquet.<\/p>\n<ul>\n<li>Le taquet est de couleur jaune Duro Dyne.<\/li>\n<li>UL 94 -VO<\/li>\n<li>Le mat\u00e9riau PVC est conforme \u00e0 la norme ASTM D1784.<\/li>\n<\/ul>\n<p><img loading=\"lazy\" decoding=\"async\" class=\"alignnone wp-image-6211\" src=\"https:\/\/www.durodynecanada.com\/wp-content\/uploads\/D-MATE_Pics\/pvcquadcleat.jpg\" alt=\"PVC Quad Cleat\" width=\"500\" height=\"238\" srcset=\"https:\/\/www.durodynecanada.com\/wp-content\/uploads\/D-MATE_Pics\/pvcquadcleat.jpg 573w, https:\/\/www.durodynecanada.com\/wp-content\/uploads\/D-MATE_Pics\/pvcquadcleat-300x143.jpg 300w, https:\/\/www.durodynecanada.com\/wp-content\/uploads\/D-MATE_Pics\/pvcquadcleat-540x257.jpg 540w\" sizes=\"(max-width: 500px) 100vw, 500px\" \/><\/p>\n<p><a href=\"https:\/\/www.durodynecanada.com\/wp-content\/uploads\/D-MATE_Pdf\/pvcquadcleat_litsheet.pdf\">PVC Quad Cleat Literature Sheet<\/a><\/p>\n<p><a href=\"https:\/\/www.durodynecanada.com\/wp-content\/uploads\/D-MATE_Pdf\/cleats_submittal_4_2021.pdf\">Cleats Submittal<\/a><a href=\"https:\/\/www.durodynecanada.com\/wp-content\/uploads\/D-MATE_Pdf\/cleats_submittal_3_2020.pdf\"><br \/>\n<\/a><\/p>\n","protected":false},"excerpt":{"rendered":"<p>CLEATS DOM CLT Cleats DOM-CLT et DOM-PCLT pour utilisation avec DOMJ &amp; DOMH Brides de calibre 20 pour des raccordements \u00e9tanches aux conduits. DOM-CLT et TDF-CLT sont fabriqu\u00e9s \u00e0 partir de pi\u00e8ces de 6&Prime; en acier galvanis\u00e9 de calibre 20. Cleats Submittal TDC et TDF Cleats TDF-CLT est utilis\u00e9 avec TDF connection. TDC-CLT est utilis\u00e9 &hellip;<\/p>\n","protected":false},"author":7,"featured_media":0,"parent":7603,"menu_order":0,"comment_status":"closed","ping_status":"closed","template":"","meta":{"_acf_changed":false,"footnotes":""},"acf":[],"_links":{"self":[{"href":"https:\/\/www.durodynecanada.com\/fr\/wp-json\/wp\/v2\/pages\/7284"}],"collection":[{"href":"https:\/\/www.durodynecanada.com\/fr\/wp-json\/wp\/v2\/pages"}],"about":[{"href":"https:\/\/www.durodynecanada.com\/fr\/wp-json\/wp\/v2\/types\/page"}],"author":[{"embeddable":true,"href":"https:\/\/www.durodynecanada.com\/fr\/wp-json\/wp\/v2\/users\/7"}],"replies":[{"embeddable":true,"href":"https:\/\/www.durodynecanada.com\/fr\/wp-json\/wp\/v2\/comments?post=7284"}],"version-history":[{"count":4,"href":"https:\/\/www.durodynecanada.com\/fr\/wp-json\/wp\/v2\/pages\/7284\/revisions"}],"predecessor-version":[{"id":8298,"href":"https:\/\/www.durodynecanada.com\/fr\/wp-json\/wp\/v2\/pages\/7284\/revisions\/8298"}],"up":[{"embeddable":true,"href":"https:\/\/www.durodynecanada.com\/fr\/wp-json\/wp\/v2\/pages\/7603"}],"wp:attachment":[{"href":"https:\/\/www.durodynecanada.com\/fr\/wp-json\/wp\/v2\/media?parent=7284"}],"curies":[{"name":"wp","href":"https:\/\/api.w.org\/{rel}","templated":true}]}}