{"id":7277,"date":"2019-03-15T10:30:20","date_gmt":"2019-03-15T14:30:20","guid":{"rendered":"https:\/\/www.durodynecanada.com\/products\/brak-it\/"},"modified":"2023-09-15T15:52:58","modified_gmt":"2023-09-15T19:52:58","slug":"brak-it","status":"publish","type":"page","link":"https:\/\/www.durodynecanada.com\/fr\/nos-produits\/brak-it\/","title":{"rendered":"BRAK-IT"},"content":{"rendered":"<p><img loading=\"lazy\" decoding=\"async\" class=\"size-medium wp-image-6163 aligncenter\" src=\"https:\/\/www.durodynecanada.com\/wp-content\/uploads\/D-Tite_BRAK-IT\/brakit_logo-300x44.jpg\" alt=\"BRAK-IT Logo\" width=\"300\" height=\"44\" srcset=\"https:\/\/www.durodynecanada.com\/wp-content\/uploads\/D-Tite_BRAK-IT\/brakit_logo-300x44.jpg 300w, https:\/\/www.durodynecanada.com\/wp-content\/uploads\/D-Tite_BRAK-IT\/brakit_logo-600x87.jpg 600w, https:\/\/www.durodynecanada.com\/wp-content\/uploads\/D-Tite_BRAK-IT\/brakit_logo-768x112.jpg 768w, https:\/\/www.durodynecanada.com\/wp-content\/uploads\/D-Tite_BRAK-IT\/brakit_logo-540x78.jpg 540w, https:\/\/www.durodynecanada.com\/wp-content\/uploads\/D-Tite_BRAK-IT\/brakit_logo.jpg 950w\" sizes=\"(max-width: 300px) 100vw, 300px\" \/><\/p>\n<h1 style=\"text-align: center;\">BRAK-IT<br \/>\nLUMINAIRES EN ACIER GALVANIS\u00c9<\/h1>\n<p><img loading=\"lazy\" decoding=\"async\" class=\"alignnone wp-image-3608\" src=\"https:\/\/www.durodynecanada.com\/wp-content\/uploads\/D-Tite_BRAK-IT\/brakit_100-300x214.jpg\" alt=\"Brak-It 100\" width=\"140\" height=\"100\" srcset=\"https:\/\/www.durodynecanada.com\/wp-content\/uploads\/D-Tite_BRAK-IT\/brakit_100-300x214.jpg 300w, https:\/\/www.durodynecanada.com\/wp-content\/uploads\/D-Tite_BRAK-IT\/brakit_100-600x429.jpg 600w, https:\/\/www.durodynecanada.com\/wp-content\/uploads\/D-Tite_BRAK-IT\/brakit_100-540x386.jpg 540w, https:\/\/www.durodynecanada.com\/wp-content\/uploads\/D-Tite_BRAK-IT\/brakit_100-100x70.jpg 100w, https:\/\/www.durodynecanada.com\/wp-content\/uploads\/D-Tite_BRAK-IT\/brakit_100.jpg 750w\" sizes=\"(max-width: 140px) 100vw, 140px\" \/> <img loading=\"lazy\" decoding=\"async\" class=\"alignnone wp-image-6155\" src=\"https:\/\/www.durodynecanada.com\/wp-content\/uploads\/D-Tite_BRAK-IT\/brakit_185-300x288.jpg\" alt=\"Brak-It 185\" width=\"140\" height=\"134\" srcset=\"https:\/\/www.durodynecanada.com\/wp-content\/uploads\/D-Tite_BRAK-IT\/brakit_185-300x288.jpg 300w, https:\/\/www.durodynecanada.com\/wp-content\/uploads\/D-Tite_BRAK-IT\/brakit_185-600x575.jpg 600w, https:\/\/www.durodynecanada.com\/wp-content\/uploads\/D-Tite_BRAK-IT\/brakit_185-540x518.jpg 540w, https:\/\/www.durodynecanada.com\/wp-content\/uploads\/D-Tite_BRAK-IT\/brakit_185.jpg 750w\" sizes=\"(max-width: 140px) 100vw, 140px\" \/> <img loading=\"lazy\" decoding=\"async\" class=\"alignnone wp-image-6157\" src=\"https:\/\/www.durodynecanada.com\/wp-content\/uploads\/D-Tite_BRAK-IT\/brakit_200-300x168.jpg\" alt=\"Brak-It 200\" width=\"140\" height=\"78\" srcset=\"https:\/\/www.durodynecanada.com\/wp-content\/uploads\/D-Tite_BRAK-IT\/brakit_200-300x168.jpg 300w, https:\/\/www.durodynecanada.com\/wp-content\/uploads\/D-Tite_BRAK-IT\/brakit_200-600x335.jpg 600w, https:\/\/www.durodynecanada.com\/wp-content\/uploads\/D-Tite_BRAK-IT\/brakit_200-540x302.jpg 540w, https:\/\/www.durodynecanada.com\/wp-content\/uploads\/D-Tite_BRAK-IT\/brakit_200-360x204.jpg 360w, https:\/\/www.durodynecanada.com\/wp-content\/uploads\/D-Tite_BRAK-IT\/brakit_200.jpg 750w\" sizes=\"(max-width: 140px) 100vw, 140px\" \/> <img loading=\"lazy\" decoding=\"async\" class=\"alignnone wp-image-6156\" src=\"https:\/\/www.durodynecanada.com\/wp-content\/uploads\/D-Tite_BRAK-IT\/brakit_185p-1-300x232.jpg\" alt=\"Brak-It 185P\" width=\"140\" height=\"108\" srcset=\"https:\/\/www.durodynecanada.com\/wp-content\/uploads\/D-Tite_BRAK-IT\/brakit_185p-1-300x232.jpg 300w, https:\/\/www.durodynecanada.com\/wp-content\/uploads\/D-Tite_BRAK-IT\/brakit_185p-1-600x463.jpg 600w, https:\/\/www.durodynecanada.com\/wp-content\/uploads\/D-Tite_BRAK-IT\/brakit_185p-1-540x417.jpg 540w, https:\/\/www.durodynecanada.com\/wp-content\/uploads\/D-Tite_BRAK-IT\/brakit_185p-1.jpg 750w\" sizes=\"(max-width: 140px) 100vw, 140px\" \/> <img loading=\"lazy\" decoding=\"async\" class=\"alignnone wp-image-6158\" src=\"https:\/\/www.durodynecanada.com\/wp-content\/uploads\/D-Tite_BRAK-IT\/brakit_225-300x176.jpg\" alt=\"Brak-It 225\" width=\"140\" height=\"82\" srcset=\"https:\/\/www.durodynecanada.com\/wp-content\/uploads\/D-Tite_BRAK-IT\/brakit_225-300x176.jpg 300w, https:\/\/www.durodynecanada.com\/wp-content\/uploads\/D-Tite_BRAK-IT\/brakit_225-600x352.jpg 600w, https:\/\/www.durodynecanada.com\/wp-content\/uploads\/D-Tite_BRAK-IT\/brakit_225-540x317.jpg 540w, https:\/\/www.durodynecanada.com\/wp-content\/uploads\/D-Tite_BRAK-IT\/brakit_225.jpg 750w\" sizes=\"(max-width: 140px) 100vw, 140px\" \/><\/p>\n<p>Les produits BRAK-IT sont fabriqu\u00e9s au Canada avec la plus haute qualit\u00e9 et sont conformes \u00e0 la norme C UL US.<\/p>\n<p>Ils sont \u00e9galement compatibles avec les luminaires existants sur le march\u00e9. Pour tous vos besoins, c&rsquo;est de BRAK-IT dont vous avez besoin.<\/p>\n<p><strong>Caract\u00e9ristiques :<\/strong><\/p>\n<ul>\n<li>Facile \u00e0 installer<br \/>\nCompatible avec les luminaires existants sur le march\u00e9<br \/>\nSupporte jusqu&rsquo;\u00e0 100 lbs<br \/>\nBRAK-IT 185, 185C, 185P peuvent supporter jusqu&rsquo;\u00e0 200 lbs<br \/>\nInstallation rapide<br \/>\nUtilis\u00e9 pour les applications de plomberie, de ventilation et d&rsquo;\u00e9clairage<br \/>\nBRAK-IT est fabriqu\u00e9 au Canada<\/li>\n<\/ul>\n<p><img loading=\"lazy\" decoding=\"async\" class=\"wp-image-6161 alignnone\" src=\"https:\/\/www.durodynecanada.com\/wp-content\/uploads\/D-Tite_BRAK-IT\/brakit_diagram.jpg\" alt=\"Brak-It Diagram\" width=\"400\" height=\"410\" srcset=\"https:\/\/www.durodynecanada.com\/wp-content\/uploads\/D-Tite_BRAK-IT\/brakit_diagram.jpg 900w, https:\/\/www.durodynecanada.com\/wp-content\/uploads\/D-Tite_BRAK-IT\/brakit_diagram-600x615.jpg 600w, https:\/\/www.durodynecanada.com\/wp-content\/uploads\/D-Tite_BRAK-IT\/brakit_diagram-293x300.jpg 293w, https:\/\/www.durodynecanada.com\/wp-content\/uploads\/D-Tite_BRAK-IT\/brakit_diagram-768x787.jpg 768w, https:\/\/www.durodynecanada.com\/wp-content\/uploads\/D-Tite_BRAK-IT\/brakit_diagram-527x540.jpg 527w\" sizes=\"(max-width: 400px) 100vw, 400px\" \/><\/p>\n<table width=\"100%\">\n<tbody>\n<tr>\n<td width=\"15%\"><strong>Num\u00e9ro item<\/strong><\/td>\n<td width=\"18%\"><strong>Code<\/strong><\/td>\n<td width=\"28%\"><strong>Description<\/strong><\/td>\n<td style=\"text-align: center;\" width=\"19%\"><strong>Qt\u00e9 par Pkg<\/strong><\/td>\n<td style=\"text-align: left;\" width=\"20%\"><strong>Eng. Drawing<\/strong><\/td>\n<\/tr>\n<tr>\n<td width=\"15%\">30386<\/td>\n<td width=\"18%\"><strong> BRAK-IT 20<\/strong><\/td>\n<td width=\"28%\">BRAK-IT 20 Rod<\/td>\n<td style=\"text-align: center;\" width=\"19%\">100<\/td>\n<td style=\"text-align: left;\" width=\"20%\"><a href=\"https:\/\/www.durodynecanada.com\/wp-content\/uploads\/D-Tite_BRAK-IT\/brakit20_drawing.pdf\">BRAK-IT 20<\/a><\/td>\n<\/tr>\n<tr>\n<td width=\"15%\">30388<\/td>\n<td width=\"18%\"><strong> BRAK-IT 85<\/strong><\/td>\n<td width=\"28%\">BRAK-IT 85 Hook<\/td>\n<td style=\"text-align: center;\" width=\"19%\">100<\/td>\n<td style=\"text-align: left;\" width=\"20%\"><a href=\"https:\/\/www.durodynecanada.com\/wp-content\/uploads\/D-Tite_BRAK-IT\/brakit85_drawing.pdf\">BRAK-IT 85<\/a><\/td>\n<\/tr>\n<tr>\n<td width=\"15%\">30373<\/td>\n<td width=\"18%\"><strong> BRAK-IT 100<\/strong><\/td>\n<td width=\"28%\">BRAK-IT 100 Hook<\/td>\n<td style=\"text-align: center;\" width=\"19%\">50<\/td>\n<td style=\"text-align: left;\" width=\"20%\"><a href=\"https:\/\/www.durodynecanada.com\/wp-content\/uploads\/D-Tite_BRAK-IT\/brakit100_drawing.pdf\">BRAK-IT 100<\/a><\/td>\n<\/tr>\n<tr>\n<td width=\"15%\">30374<\/td>\n<td width=\"18%\"><strong>BRAK-IT 200<\/strong><\/td>\n<td width=\"28%\">BRAK-IT 200 Rod<\/td>\n<td style=\"text-align: center;\" width=\"19%\">50<\/td>\n<td width=\"20%\"><a href=\"https:\/\/www.durodynecanada.com\/wp-content\/uploads\/D-Tite_BRAK-IT\/brakit200_drawing.pdf\">BRAK-IT 200<\/a><\/td>\n<\/tr>\n<tr>\n<td width=\"15%\">30375<\/td>\n<td width=\"18%\"><strong>BRAK-IT 300<\/strong><\/td>\n<td width=\"28%\">BRAK-IT 300 Rod<\/td>\n<td style=\"text-align: center;\" width=\"19%\">50<\/td>\n<td style=\"text-align: left;\" width=\"20%\"><a href=\"https:\/\/www.durodynecanada.com\/wp-content\/uploads\/D-Tite_BRAK-IT\/brakit300_drawing.pdf\">BRAK-IT 300<\/a><\/td>\n<\/tr>\n<tr>\n<td width=\"15%\">30376<\/td>\n<td width=\"18%\"><strong>BRAK-IT 125<\/strong><\/td>\n<td width=\"28%\">BRAK-IT 125 Hook<\/td>\n<td style=\"text-align: center;\" width=\"19%\">50<\/td>\n<td style=\"text-align: left;\" width=\"20%\"><a href=\"https:\/\/www.durodynecanada.com\/wp-content\/uploads\/D-Tite_BRAK-IT\/brakit125_drawing.pdf\">BRAK-IT 125<\/a><\/td>\n<\/tr>\n<tr>\n<td width=\"15%\">30377<\/td>\n<td width=\"18%\"><strong>BRAK-IT 225<\/strong><\/td>\n<td width=\"28%\">BRAK-IT 225 Rod<\/td>\n<td style=\"text-align: center;\" width=\"19%\">50<\/td>\n<td style=\"text-align: left;\" width=\"20%\"><a href=\"https:\/\/www.durodynecanada.com\/wp-content\/uploads\/D-Tite_BRAK-IT\/brakit225_drawing.pdf\">BRAK-IT 225<\/a><\/td>\n<\/tr>\n<tr>\n<td width=\"15%\">30378<\/td>\n<td width=\"18%\"><strong>BRAK-IT 325<\/strong><\/td>\n<td width=\"28%\">BRAK-IT 325 Rod<\/td>\n<td style=\"text-align: center;\" width=\"19%\">50<\/td>\n<td style=\"text-align: left;\" width=\"20%\"><a href=\"https:\/\/www.durodynecanada.com\/wp-content\/uploads\/D-Tite_BRAK-IT\/brakit325_drawing.pdf\">BRAK-IT 325<\/a><\/td>\n<\/tr>\n<tr>\n<td width=\"15%\">30379<\/td>\n<td width=\"18%\"><strong>BRAK-IT 150<\/strong><\/td>\n<td width=\"28%\">BRAK-IT 150 Hook<\/td>\n<td style=\"text-align: center;\" width=\"19%\">50<\/td>\n<td style=\"text-align: left;\" width=\"20%\"><a href=\"https:\/\/www.durodynecanada.com\/wp-content\/uploads\/D-Tite_BRAK-IT\/brakit150_drawing.pdf\">BRAK-IT 150<\/a><\/td>\n<\/tr>\n<tr>\n<td width=\"15%\">30380<\/td>\n<td width=\"18%\"><strong>BRAK-IT 250<\/strong><\/td>\n<td width=\"28%\">BRAK-IT 250 Rod<\/td>\n<td style=\"text-align: center;\" width=\"19%\">50<\/td>\n<td style=\"text-align: left;\" width=\"20%\"><a href=\"https:\/\/www.durodynecanada.com\/wp-content\/uploads\/D-Tite_BRAK-IT\/brakit250_drawing.pdf\">BRAK-IT 250<\/a><\/td>\n<\/tr>\n<tr>\n<td width=\"15%\">30381<\/td>\n<td width=\"18%\"><strong>BRAK-IT 350<\/strong><\/td>\n<td width=\"28%\">BRAK-IT 350 Rod<\/td>\n<td style=\"text-align: center;\" width=\"19%\">50<\/td>\n<td style=\"text-align: left;\" width=\"20%\"><a href=\"https:\/\/www.durodynecanada.com\/wp-content\/uploads\/D-Tite_BRAK-IT\/brakit350_drawing.pdf\">BRAK-IT 350<\/a><\/td>\n<\/tr>\n<tr>\n<td width=\"15%\">30382<\/td>\n<td width=\"18%\"><strong>BRAK-IT 185<\/strong><\/td>\n<td width=\"28%\">BRAK-IT 185 Hook<\/td>\n<td style=\"text-align: center;\" width=\"19%\">50<\/td>\n<td style=\"text-align: left;\" width=\"20%\"><a href=\"https:\/\/www.durodynecanada.com\/wp-content\/uploads\/D-Tite_BRAK-IT\/brakit185_drawing.pdf\">BRAK-IT 185<\/a><\/td>\n<\/tr>\n<tr>\n<td width=\"15%\">30383<\/td>\n<td width=\"18%\"><strong>BRAK-IT 185P<\/strong><\/td>\n<td width=\"28%\">BRAK-IT 185P Hook<\/td>\n<td style=\"text-align: center;\" width=\"19%\">50<\/td>\n<td style=\"text-align: left;\" width=\"20%\"><a href=\"https:\/\/www.durodynecanada.com\/wp-content\/uploads\/D-Tite_BRAK-IT\/brakit185p_drawing.pdf\">BRAK-IT 185P<\/a><\/td>\n<\/tr>\n<tr>\n<td width=\"15%\">30384<\/td>\n<td width=\"18%\"><strong>BRAK-IT 185C<\/strong><\/td>\n<td width=\"28%\">BRAK-IT 185C Hook<\/td>\n<td style=\"text-align: center;\" width=\"19%\">50<\/td>\n<td style=\"text-align: left;\" width=\"20%\"><a href=\"https:\/\/www.durodynecanada.com\/wp-content\/uploads\/D-Tite_BRAK-IT\/brakit185cr_drawing-1.pdf\">BRAK-IT 185c<\/a><\/td>\n<\/tr>\n<\/tbody>\n<\/table>\n<p><a href=\"https:\/\/www.durodynecanada.com\/wp-content\/uploads\/D-Tite_BRAK-IT\/Brak-it_Pamphlet_FR-EN_2023_May-2023.pdf\">BRAK-IT Pamphlet<\/a><\/p>\n","protected":false},"excerpt":{"rendered":"<p>BRAK-IT LUMINAIRES EN ACIER GALVANIS\u00c9 Les produits BRAK-IT sont fabriqu\u00e9s au Canada avec la plus haute qualit\u00e9 et sont conformes \u00e0 la norme C UL US. Ils sont \u00e9galement compatibles avec les luminaires existants sur le march\u00e9. Pour tous vos besoins, c&rsquo;est de BRAK-IT dont vous avez besoin. Caract\u00e9ristiques : Facile \u00e0 installer Compatible avec &hellip;<\/p>\n","protected":false},"author":7,"featured_media":0,"parent":7603,"menu_order":0,"comment_status":"closed","ping_status":"closed","template":"","meta":{"_acf_changed":false,"footnotes":""},"acf":[],"_links":{"self":[{"href":"https:\/\/www.durodynecanada.com\/fr\/wp-json\/wp\/v2\/pages\/7277"}],"collection":[{"href":"https:\/\/www.durodynecanada.com\/fr\/wp-json\/wp\/v2\/pages"}],"about":[{"href":"https:\/\/www.durodynecanada.com\/fr\/wp-json\/wp\/v2\/types\/page"}],"author":[{"embeddable":true,"href":"https:\/\/www.durodynecanada.com\/fr\/wp-json\/wp\/v2\/users\/7"}],"replies":[{"embeddable":true,"href":"https:\/\/www.durodynecanada.com\/fr\/wp-json\/wp\/v2\/comments?post=7277"}],"version-history":[{"count":7,"href":"https:\/\/www.durodynecanada.com\/fr\/wp-json\/wp\/v2\/pages\/7277\/revisions"}],"predecessor-version":[{"id":9006,"href":"https:\/\/www.durodynecanada.com\/fr\/wp-json\/wp\/v2\/pages\/7277\/revisions\/9006"}],"up":[{"embeddable":true,"href":"https:\/\/www.durodynecanada.com\/fr\/wp-json\/wp\/v2\/pages\/7603"}],"wp:attachment":[{"href":"https:\/\/www.durodynecanada.com\/fr\/wp-json\/wp\/v2\/media?parent=7277"}],"curies":[{"name":"wp","href":"https:\/\/api.w.org\/{rel}","templated":true}]}}