{"id":7104,"date":"2019-05-13T15:17:59","date_gmt":"2019-05-13T19:17:59","guid":{"rendered":"https:\/\/www.durodynecanada.com\/products\/air-tools\/"},"modified":"2022-06-16T15:04:24","modified_gmt":"2022-06-16T19:04:24","slug":"outils-pneumatiques","status":"publish","type":"page","link":"https:\/\/www.durodynecanada.com\/fr\/nos-produits\/outils-pneumatiques\/","title":{"rendered":"Outils Pneumatiques"},"content":{"rendered":"<h1>OUTILS PNEUMATIQUES<\/h1>\n<h2>Super Dyna-Hammer pour Pittsburgh Lock<\/h2>\n<p>Le Super Dyna-Hammer met fin au martelage manuel avec l&rsquo;outil le plus robuste de l&rsquo;industrie. Les raccords arrondis et les conduits droits sont martel\u00e9s \u00e0 une vitesse d&rsquo;environ 6 m\u00e8tres par minute sur du m\u00e9tal de calibre 14 \u00e0 30. Fabriqu\u00e9 \u00e0 100% en acier \u00e0 outils de haute qualit\u00e9 pour une durabilit\u00e9 et des ann\u00e9es d&rsquo;utilisation sans probl\u00e8me. Enti\u00e8rement reconstructible.<\/p>\n<p><img loading=\"lazy\" decoding=\"async\" class=\"alignnone wp-image-6547\" src=\"https:\/\/www.durodynecanada.com\/wp-content\/uploads\/2021\/03\/super_dynahammer-1024x529.jpg\" alt=\"Super Dyna-Hammer\" width=\"600\" height=\"310\" srcset=\"https:\/\/www.durodynecanada.com\/wp-content\/uploads\/2021\/03\/super_dynahammer-1024x529.jpg 1024w, https:\/\/www.durodynecanada.com\/wp-content\/uploads\/2021\/03\/super_dynahammer-600x310.jpg 600w, https:\/\/www.durodynecanada.com\/wp-content\/uploads\/2021\/03\/super_dynahammer-300x155.jpg 300w, https:\/\/www.durodynecanada.com\/wp-content\/uploads\/2021\/03\/super_dynahammer-768x397.jpg 768w, https:\/\/www.durodynecanada.com\/wp-content\/uploads\/2021\/03\/super_dynahammer-540x279.jpg 540w\" sizes=\"(max-width: 600px) 100vw, 600px\" \/><\/p>\n<table width=\"60%\">\n<tbody>\n<tr>\n<td width=\"15%\"><strong>Num\u00e9ro item<\/strong><\/td>\n<td width=\"15%\"><strong>Code<\/strong><\/td>\n<td width=\"30%\"><strong>Description<\/strong><\/td>\n<\/tr>\n<tr>\n<td width=\"15%\">13263<\/td>\n<td width=\"15%\"><b>SPDH<\/b><\/td>\n<td width=\"30%\">Super Dyna-Hammer for Pittsburgh Lock<\/td>\n<\/tr>\n<\/tbody>\n<\/table>\n<p><a href=\"https:\/\/www.durodynecanada.com\/wp-content\/uploads\/2021\/03\/super_dynahammer_litsheet.pdf\">Super Dyna-Hammer Literature Sheet<\/a><\/p>\n<h2>Dyna-Hammer pour Pittsburgh Lock<\/h2>\n<p>Le Dyna-Hammer met fin au martelage manuel. Il suffit de donner quelques coups au centre et aux extr\u00e9mit\u00e9s d&rsquo;un conduit de longueur standard pour le fixer, puis le Dyna-Hammer fait tout le travail. Les raccords arrondis et les conduits droits sont martel\u00e9s \u00e0 une vitesse d&rsquo;environ 6 m\u00e8tres par minute sur du m\u00e9tal de calibre 14 \u00e0 30. Comprend une g\u00e2chette ergonomique \u00e0 plusieurs niveaux pour un meilleur contr\u00f4le pendant l&rsquo;utilisation. Le raccord pivotant multidirectionnel du tuyau d&rsquo;air inclus emp\u00eache la restriction du tuyau pendant l&rsquo;utilisation. Fabriqu\u00e9 \u00e0 100% en acier \u00e0 outils de haute qualit\u00e9 pour une durabilit\u00e9 et des ann\u00e9es d&rsquo;utilisation sans probl\u00e8me.<\/p>\n<p><img loading=\"lazy\" decoding=\"async\" class=\"wp-image-6513 aligncenter\" src=\"https:\/\/www.durodynecanada.com\/wp-content\/uploads\/D-MATE_Pics\/dynahammer-1024x457.jpg\" alt=\"Dyna-Hammer\" width=\"800\" height=\"357\" srcset=\"https:\/\/www.durodynecanada.com\/wp-content\/uploads\/D-MATE_Pics\/dynahammer-1024x457.jpg 1024w, https:\/\/www.durodynecanada.com\/wp-content\/uploads\/D-MATE_Pics\/dynahammer-600x268.jpg 600w, https:\/\/www.durodynecanada.com\/wp-content\/uploads\/D-MATE_Pics\/dynahammer-300x134.jpg 300w, https:\/\/www.durodynecanada.com\/wp-content\/uploads\/D-MATE_Pics\/dynahammer-768x343.jpg 768w, https:\/\/www.durodynecanada.com\/wp-content\/uploads\/D-MATE_Pics\/dynahammer-540x241.jpg 540w\" sizes=\"(max-width: 800px) 100vw, 800px\" \/><\/p>\n<table width=\"60%\">\n<tbody>\n<tr>\n<td width=\"15%\"><strong>Num\u00e9ro item<\/strong><\/td>\n<td width=\"15%\"><strong>Code<\/strong><\/td>\n<td width=\"30%\"><strong>Description<\/strong><\/td>\n<\/tr>\n<tr>\n<td width=\"15%\">13063<\/td>\n<td width=\"15%\"><b>PDH<\/b><\/td>\n<td width=\"30%\">Dyna-Hammer for Pittsburgh Lock<\/td>\n<\/tr>\n<tr>\n<td width=\"15%\">13097<\/td>\n<td width=\"15%\"><b>PDH-S<\/b><\/td>\n<td width=\"30%\">Dyna-Hammer Swivel Tip<\/td>\n<\/tr>\n<\/tbody>\n<\/table>\n<p><a href=\"https:\/\/www.durodynecanada.com\/wp-content\/uploads\/D-MATE_Pdf\/dynahammer_litsheet_012221.pdf\">Dyna-Hammer Literature Sheet<\/a><\/p>\n<h2>Duro Air Gun<\/h2>\n<p>Le pistolet \u00e0 air comprim\u00e9 DAG Duro est un produit polyvalent utilis\u00e9 pour r\u00e9duire l&rsquo;effort des travaux de ferblanterie qui demandent beaucoup de travail, comme la fermeture des verrous Pittsburgh, le \u00a0\u00bb verrouillage \u00a0\u00bb de la palette sur le rail et l&rsquo;insertion des verrous de tige dans le conduit.<\/p>\n<p>Le pistolet \u00e0 air comprim\u00e9 DAG Duro est vendu sans embout et fonctionne \u00e0 90 PSI. Vous trouverez ci-dessous les quatre embouts innovants, en attente de brevet, qui sont disponibles et les capacit\u00e9s qu&rsquo;ils offrent.<\/p>\n<p><img loading=\"lazy\" decoding=\"async\" class=\"alignnone size-full wp-image-6202\" src=\"https:\/\/www.durodynecanada.com\/wp-content\/uploads\/D-MATE_Pics\/airgun.jpg\" alt=\"Duro Dyne Air Gun\" width=\"269\" height=\"230\" \/><\/p>\n<table width=\"60%\">\n<tbody>\n<tr>\n<td width=\"15%\"><strong>Num\u00e9ro item<\/strong><\/td>\n<td width=\"15%\"><strong>Code<\/strong><\/td>\n<td width=\"30%\"><strong>Description<\/strong><\/td>\n<\/tr>\n<tr>\n<td width=\"15%\">13113<\/td>\n<td width=\"15%\"><strong>DAG<\/strong><\/td>\n<td width=\"30%\">Duro Air Gun<\/td>\n<\/tr>\n<\/tbody>\n<\/table>\n<p><strong>Duro Dyne HVAC Air Tools Demo<\/strong><br \/>\n<iframe loading=\"lazy\" src=\"https:\/\/www.youtube.com\/embed\/IwNkjtFMCJI\" width=\"400\" height=\"300\" frameborder=\"0\" allowfullscreen=\"allowfullscreen\"><\/iframe><\/p>\n<h2>Pittsburgh Locking Tool (PT)<\/h2>\n<p>L&rsquo;outil de verrouillage Pittsburgh se fixe \u00e0 l&rsquo;extr\u00e9mit\u00e9 du pistolet pneumatique et permet de fermer facilement un verrou Pittsburgh avec un minimum d&rsquo;effort par rapport \u00e0 la m\u00e9thode de fermeture par marteau. Il suffit de d\u00e9placer l&#8217;embout le long du bord du conduit et d&rsquo;appuyer sur le bouton pour fermer un Pittsburgh. L&rsquo;extr\u00e9mit\u00e9 de la pointe \u00e9tant l\u00e9g\u00e8rement biseaut\u00e9e, il n&rsquo;est pas n\u00e9cessaire de la placer avec pr\u00e9cision pour qu&rsquo;elle fonctionne efficacement. Nous recommandons l&rsquo;utilisation des deux mains pour une utilisation plus rapide et plus s\u00fbre de cet outil de fermeture. Regardez la vid\u00e9o ci-dessus pour voir \u00e0 quel point il est plus rapide que l&rsquo;ancienne m\u00e9thode de fermeture par marteau. Pistolet vendu s\u00e9par\u00e9ment de l&#8217;embout.<\/p>\n<p><img loading=\"lazy\" decoding=\"async\" class=\"alignnone wp-image-6205 size-full\" src=\"https:\/\/www.durodynecanada.com\/wp-content\/uploads\/D-MATE_Pics\/airgun_pt.jpg\" alt=\"Duro Dyne Air Gun PT\" width=\"382\" height=\"302\" srcset=\"https:\/\/www.durodynecanada.com\/wp-content\/uploads\/D-MATE_Pics\/airgun_pt.jpg 382w, https:\/\/www.durodynecanada.com\/wp-content\/uploads\/D-MATE_Pics\/airgun_pt-300x237.jpg 300w\" sizes=\"(max-width: 382px) 100vw, 382px\" \/><\/p>\n<table width=\"60%\">\n<tbody>\n<tr>\n<td width=\"15%\"><strong>Num\u00e9ro item<\/strong><\/td>\n<td width=\"15%\"><strong>Code<\/strong><\/td>\n<td width=\"30%\"><strong>Description<\/strong><\/td>\n<\/tr>\n<tr>\n<td width=\"15%\">13116<\/td>\n<td width=\"15%\"><strong>PT<\/strong><\/td>\n<td width=\"30%\">Pittsburgh Locking Tool for DAG Air Gun<\/td>\n<\/tr>\n<\/tbody>\n<\/table>\n<p><a href=\"https:\/\/www.durodynecanada.com\/wp-content\/uploads\/D-MATE_Pdf\/airtools_litsheet.pdf\">Custom HVAC Air Tools Literature Sheet<\/a><\/p>\n<h2>Vane Locking Tool (VLT)<\/h2>\n<p>L&rsquo;outil de verrouillage de l&rsquo;ailette offre un moyen rapide et fiable de fixer l&rsquo;ailette au rail. L&rsquo;extr\u00e9mit\u00e9 allong\u00e9e est ins\u00e9r\u00e9e dans l&rsquo;ouverture ronde du rail et, d&rsquo;une simple pression sur la g\u00e2chette, l&rsquo;ailette est fix\u00e9e au rail et le restera pendant le transport, l&rsquo;installation ou tout ce qui entre en contact avec elle, ce qui facilite l&rsquo;installation. Pistolet vendu s\u00e9par\u00e9ment de la pointe.<\/p>\n<p><img loading=\"lazy\" decoding=\"async\" class=\"alignnone wp-image-6206 size-full\" src=\"https:\/\/www.durodynecanada.com\/wp-content\/uploads\/D-MATE_Pics\/airgun_vlt.jpg\" alt=\"Duro Dyne Air Gun Vane Locking Tool\" width=\"420\" height=\"253\" srcset=\"https:\/\/www.durodynecanada.com\/wp-content\/uploads\/D-MATE_Pics\/airgun_vlt.jpg 420w, https:\/\/www.durodynecanada.com\/wp-content\/uploads\/D-MATE_Pics\/airgun_vlt-300x181.jpg 300w\" sizes=\"(max-width: 420px) 100vw, 420px\" \/><\/p>\n<table width=\"60%\">\n<tbody>\n<tr>\n<td width=\"15%\"><strong>Num\u00e9ro item<\/strong><\/td>\n<td width=\"15%\"><strong>Code<\/strong><\/td>\n<td width=\"30%\"><strong>Description<\/strong><\/td>\n<\/tr>\n<tr>\n<td width=\"15%\">13117<\/td>\n<td width=\"15%\"><strong>VLT<\/strong><\/td>\n<td width=\"30%\">Vane Locking Tool for DAG Air Gun<\/td>\n<\/tr>\n<\/tbody>\n<\/table>\n<p><a href=\"https:\/\/www.durodynecanada.com\/wp-content\/uploads\/D-MATE_Pdf\/airtools_litsheet.pdf\">Custom HVAC Air Tools Literature Sheet<\/a><\/p>\n<h2>Dyn-O-Loc<sup>\u00ae<\/sup> Insertion Tool (DLT)<\/h2>\n<p>L&rsquo;outil d&rsquo;insertion Dyn-O-Loc vous permet de placer un Dyn-O-Loc sur l&rsquo;extr\u00e9mit\u00e9 du pistolet \u00e0 air et de l&rsquo;ins\u00e9rer facilement dans l&rsquo;extr\u00e9mit\u00e9 d&rsquo;un conduit creux. La dimension de l&rsquo;outil d&rsquo;insertion Dyn-O-Loc assure un espacement parfait de l&rsquo;insert \u00e0 chaque fois. Le pistolet est vendu s\u00e9par\u00e9ment de l&#8217;embout.<\/p>\n<p><img loading=\"lazy\" decoding=\"async\" class=\"alignnone wp-image-6203 size-full\" src=\"https:\/\/www.durodynecanada.com\/wp-content\/uploads\/D-MATE_Pics\/airgun_dlt.jpg\" alt=\"Dyn-O-Loc Insertion Tool (DLT)\" width=\"472\" height=\"312\" srcset=\"https:\/\/www.durodynecanada.com\/wp-content\/uploads\/D-MATE_Pics\/airgun_dlt.jpg 472w, https:\/\/www.durodynecanada.com\/wp-content\/uploads\/D-MATE_Pics\/airgun_dlt-300x198.jpg 300w\" sizes=\"(max-width: 472px) 100vw, 472px\" \/><\/p>\n<table width=\"60%\">\n<tbody>\n<tr>\n<td width=\"15%\"><strong>Num\u00e9ro item<\/strong><\/td>\n<td width=\"15%\"><strong>Code<\/strong><\/td>\n<td width=\"30%\"><strong>Description<\/strong><\/td>\n<\/tr>\n<tr>\n<td width=\"15%\">13119<\/td>\n<td width=\"15%\"><strong>DLT<\/strong><\/td>\n<td width=\"30%\">Dyn-O-Loc Insertion Tool for DAG Air Gun<\/td>\n<\/tr>\n<\/tbody>\n<\/table>\n<p><a href=\"https:\/\/www.durodynecanada.com\/wp-content\/uploads\/D-MATE_Pdf\/airtools_litsheet.pdf\">Custom HVAC Air Tools Literature Sheet<\/a><\/p>\n<h2>D-Stud\u2122 Insertion Tool (DST)<\/h2>\n<p>Le fonctionnement de l&rsquo;outil d&rsquo;insertion D-Stud est similaire \u00e0 celui de l&rsquo;outil d&rsquo;insertion Dyn-O-Loc, mais l&#8217;embout permet d&rsquo;utiliser un D-Stud, c&rsquo;est-\u00e0-dire un Dyn-O-Loc dont le goujon filet\u00e9 est d\u00e9j\u00e0 fix\u00e9. Nous recommandons d&rsquo;utiliser un D-Stud \u00e0 une extr\u00e9mit\u00e9 du conduit et un Dyn-O-Loc standard \u00e0 l&rsquo;autre extr\u00e9mit\u00e9 pour faciliter l&rsquo;insertion et l&rsquo;alignement du conduit dans la gaine. Pistolet vendu s\u00e9par\u00e9ment de l&#8217;embout.<\/p>\n<p><img loading=\"lazy\" decoding=\"async\" class=\"alignnone wp-image-6204 size-full\" src=\"https:\/\/www.durodynecanada.com\/wp-content\/uploads\/D-MATE_Pics\/airgun_dst.jpg\" alt=\"Duro Dyne D-Stud Insertion Tool (DST)\" width=\"459\" height=\"417\" srcset=\"https:\/\/www.durodynecanada.com\/wp-content\/uploads\/D-MATE_Pics\/airgun_dst.jpg 459w, https:\/\/www.durodynecanada.com\/wp-content\/uploads\/D-MATE_Pics\/airgun_dst-300x273.jpg 300w\" sizes=\"(max-width: 459px) 100vw, 459px\" \/><\/p>\n<table width=\"60%\">\n<tbody>\n<tr>\n<td width=\"15%\"><strong>Num\u00e9ro item<\/strong><\/td>\n<td width=\"15%\"><strong>Code<\/strong><\/td>\n<td width=\"30%\"><strong>Description<\/strong><\/td>\n<\/tr>\n<tr>\n<td width=\"15%\">13118<\/td>\n<td width=\"15%\"><strong>DST<\/strong><\/td>\n<td width=\"30%\">D-Stud Insertion Tool for DAG Air Gun<\/td>\n<\/tr>\n<\/tbody>\n<\/table>\n<p><a href=\"https:\/\/www.durodynecanada.com\/wp-content\/uploads\/D-MATE_Pdf\/airtools_litsheet.pdf\">Custom HVAC Air Tools Literature Sheet<br \/>\n<\/a><\/p>\n","protected":false},"excerpt":{"rendered":"<p>OUTILS PNEUMATIQUES Super Dyna-Hammer pour Pittsburgh Lock Le Super Dyna-Hammer met fin au martelage manuel avec l&rsquo;outil le plus robuste de l&rsquo;industrie. Les raccords arrondis et les conduits droits sont martel\u00e9s \u00e0 une vitesse d&rsquo;environ 6 m\u00e8tres par minute sur du m\u00e9tal de calibre 14 \u00e0 30. Fabriqu\u00e9 \u00e0 100% en acier \u00e0 outils de &hellip;<\/p>\n","protected":false},"author":7,"featured_media":0,"parent":7603,"menu_order":0,"comment_status":"closed","ping_status":"closed","template":"","meta":{"_acf_changed":false,"footnotes":""},"acf":[],"_links":{"self":[{"href":"https:\/\/www.durodynecanada.com\/fr\/wp-json\/wp\/v2\/pages\/7104"}],"collection":[{"href":"https:\/\/www.durodynecanada.com\/fr\/wp-json\/wp\/v2\/pages"}],"about":[{"href":"https:\/\/www.durodynecanada.com\/fr\/wp-json\/wp\/v2\/types\/page"}],"author":[{"embeddable":true,"href":"https:\/\/www.durodynecanada.com\/fr\/wp-json\/wp\/v2\/users\/7"}],"replies":[{"embeddable":true,"href":"https:\/\/www.durodynecanada.com\/fr\/wp-json\/wp\/v2\/comments?post=7104"}],"version-history":[{"count":3,"href":"https:\/\/www.durodynecanada.com\/fr\/wp-json\/wp\/v2\/pages\/7104\/revisions"}],"predecessor-version":[{"id":7983,"href":"https:\/\/www.durodynecanada.com\/fr\/wp-json\/wp\/v2\/pages\/7104\/revisions\/7983"}],"up":[{"embeddable":true,"href":"https:\/\/www.durodynecanada.com\/fr\/wp-json\/wp\/v2\/pages\/7603"}],"wp:attachment":[{"href":"https:\/\/www.durodynecanada.com\/fr\/wp-json\/wp\/v2\/media?parent=7104"}],"curies":[{"name":"wp","href":"https:\/\/api.w.org\/{rel}","templated":true}]}}