{"id":7101,"date":"2019-05-13T13:50:20","date_gmt":"2019-05-13T17:50:20","guid":{"rendered":"https:\/\/www.durodynecanada.com\/products\/access-doors\/"},"modified":"2022-07-06T09:31:06","modified_gmt":"2022-07-06T13:31:06","slug":"portes-acces","status":"publish","type":"page","link":"https:\/\/www.durodynecanada.com\/fr\/nos-produits\/portes-acces\/","title":{"rendered":"Portes d&rsquo;Acc\u00e8s"},"content":{"rendered":"<h1>PORTES D&rsquo;ACC\u00c8S<\/h1>\n<p>L&rsquo;inspection et le test p\u00e9riodiques des clapets et des d\u00e9tecteurs d&rsquo;incendie et de fum\u00e9e dans les gaines constituent une proc\u00e9dure de s\u00e9curit\u00e9 standard. Un acc\u00e8s facile \u00e0 ces dispositifs ainsi qu&rsquo;un moyen d&rsquo;acc\u00e8s pour le nettoyage des conduits. Les portes d&rsquo;acc\u00e8s Duro Dyne comprennent un cadre int\u00e9gral qui se fixe facilement \u00e0 la gaine ainsi qu&rsquo;un syst\u00e8me de verrouillage \u00e0 came pour une entr\u00e9e facile.<\/p>\n<h2>Portes d&rsquo;acc\u00e8s isol\u00e9es, \u00e0 charni\u00e8re (DAD) ou \u00e0 came uniquement (DADC)<\/h2>\n<p>Construction robuste et de qualit\u00e9 con\u00e7ue pour une installation rapide et s\u00fbre sans outils !<\/p>\n<p><strong>Portes d&rsquo;acc\u00e8s isol\u00e9es, \u00e0 charni\u00e8re (DAD) ou \u00e0 came uniquement (DADC) <\/strong>ont \u00e9t\u00e9 con\u00e7us pour cr\u00e9er un joint \u00e9tanche \u00e0 l&rsquo;air en utilisant un joint en n\u00e9opr\u00e8ne r\u00e9sistant \u00e0 l&rsquo;humidit\u00e9, \u00e0 l&rsquo;huile et \u00e0 la graisse entre la porte et le cadre et le cadre et le conduit. Le panneau de porte est construit en acier galvanis\u00e9 de calibre 24 et rempli d&rsquo;un isolant en fibre de verre de 1&Prime; 1-1\/2 lb (facteur K .26+.03@75\u00b0F). Le cadre est en acier galvanis\u00e9 de calibre 24 avec des languettes en acier poin\u00e7onn\u00e9es de chaque c\u00f4t\u00e9, qui verrouillent le cadre dans le conduit. Les languettes d&rsquo;angle du cadre, plus petites, facilitent l&rsquo;installation. Des verrous \u00e0 double came sont utilis\u00e9s sur les portes de 14&Prime; et plus. Les portes de 12&Prime; et moins ont un seul verrou \u00e0 came.<\/p>\n<p><img loading=\"lazy\" decoding=\"async\" class=\"alignleft wp-image-6197\" src=\"https:\/\/www.durodynecanada.com\/wp-content\/uploads\/D-MATE_Pics\/dad_accessdoor-243x300.jpg\" alt=\"DAD Insulated Access Door, Hinged\" width=\"225\" height=\"278\" srcset=\"https:\/\/www.durodynecanada.com\/wp-content\/uploads\/D-MATE_Pics\/dad_accessdoor-243x300.jpg 243w, https:\/\/www.durodynecanada.com\/wp-content\/uploads\/D-MATE_Pics\/dad_accessdoor.jpg 385w\" sizes=\"(max-width: 225px) 100vw, 225px\" \/> <img loading=\"lazy\" decoding=\"async\" class=\"alignnone wp-image-6198\" src=\"https:\/\/www.durodynecanada.com\/wp-content\/uploads\/D-MATE_Pics\/dadc_accessdoor-300x290.jpg\" alt=\"DADC Insulated Access Door Cam Only\" width=\"288\" height=\"278\" srcset=\"https:\/\/www.durodynecanada.com\/wp-content\/uploads\/D-MATE_Pics\/dadc_accessdoor-300x290.jpg 300w, https:\/\/www.durodynecanada.com\/wp-content\/uploads\/D-MATE_Pics\/dadc_accessdoor.jpg 466w\" sizes=\"(max-width: 288px) 100vw, 288px\" \/><\/p>\n<p><a href=\"https:\/\/www.durodynecanada.com\/wp-content\/uploads\/D-MATE_Pdf\/accessdoors_dad_dadc_litsheet.pdf\">Fiche de documentation sur les portes d&rsquo;acc\u00e8s isol\u00e9es DAD DADC<\/a><\/p>\n<p><a href=\"https:\/\/www.durodynecanada.com\/wp-content\/uploads\/D-MATE_Pdf\/dad_accessdoor_submittal.pdf\">Portes d&rsquo;acc\u00e8s isol\u00e9es DAD, soumission \u00e0 charni\u00e8re<\/a><\/p>\n<p><a href=\"https:\/\/www.durodynecanada.com\/wp-content\/uploads\/D-MATE_Pdf\/dadc_accessdoor_submittal.pdf\">Soumission des portes d&rsquo;acc\u00e8s isol\u00e9es DADC, came uniquement<\/a><\/p>\n<h2>Portes d&rsquo;acc\u00e8s autocollantes (NHSAD, NCSAD)<\/h2>\n<p>Les portes d&rsquo;acc\u00e8s sont utilis\u00e9es dans les syst\u00e8mes de conduits pour de nombreuses raisons. L&rsquo;acc\u00e8s est souvent n\u00e9cessaire pour faciliter le nettoyage des conduits, examiner l&rsquo;\u00e9quipement, ou pour tester, r\u00e9parer ou d\u00e9panner les composants du syst\u00e8me. Les portes d&rsquo;acc\u00e8s Duro Dyne NHSAD &amp; NCSAD offrent une solution facile en quatre \u00e9tapes. Dimensionnez et d\u00e9coupez un trou dans la paroi du conduit. Retirez le papier de protection du cadre de la porte d&rsquo;acc\u00e8s avec joint en mousse. Appuyez sur le cadre en position. Ins\u00e9rez une vis dans chacun des quatre trous pr\u00e9-perfor\u00e9s du cadre.<\/p>\n<ul>\n<li>Construction en acier galvanis\u00e9 de calibre 24<\/li>\n<li>Gain de temps et facilit\u00e9 de positionnement &#8211; Pas de queues d&rsquo;aronde \u00e0 aligner et \u00e0 plier.<\/li>\n<li>10 tailles de stock de 6&#215;6 \u00e0 24&#215;24<\/li>\n<li>Test\u00e9 jusqu&rsquo;\u00e0 10\u00a0\u00bbSP avec des fuites minimales.<\/li>\n<li>Cadre avec joint d&rsquo;un pouce de large pour assurer l&rsquo;int\u00e9grit\u00e9 de la fixation et de l&rsquo;\u00e9tanch\u00e9it\u00e9.<\/li>\n<li>Portes isol\u00e9es avec de la fibre de verre d&rsquo;un pouce d&rsquo;\u00e9paisseur.<\/li>\n<\/ul>\n<p><img loading=\"lazy\" decoding=\"async\" class=\"alignnone wp-image-6199\" src=\"https:\/\/www.durodynecanada.com\/wp-content\/uploads\/D-MATE_Pics\/nhsad_accessdoor-294x300.jpg\" alt=\"NHSAD Self Stick Insulated Access Door, Hinged\" width=\"225\" height=\"230\" srcset=\"https:\/\/www.durodynecanada.com\/wp-content\/uploads\/D-MATE_Pics\/nhsad_accessdoor-294x300.jpg 294w, https:\/\/www.durodynecanada.com\/wp-content\/uploads\/D-MATE_Pics\/nhsad_accessdoor.jpg 441w\" sizes=\"(max-width: 225px) 100vw, 225px\" \/> <img loading=\"lazy\" decoding=\"async\" class=\"alignnone wp-image-6200\" src=\"https:\/\/www.durodynecanada.com\/wp-content\/uploads\/D-MATE_Pics\/ncsad_accessdoor-300x300.jpg\" alt=\"NCSAD Self Stick Insulated Access Door, Cam Only\" width=\"229\" height=\"230\" srcset=\"https:\/\/www.durodynecanada.com\/wp-content\/uploads\/D-MATE_Pics\/ncsad_accessdoor-300x300.jpg 300w, https:\/\/www.durodynecanada.com\/wp-content\/uploads\/D-MATE_Pics\/ncsad_accessdoor-100x100.jpg 100w, https:\/\/www.durodynecanada.com\/wp-content\/uploads\/D-MATE_Pics\/ncsad_accessdoor-150x150.jpg 150w, https:\/\/www.durodynecanada.com\/wp-content\/uploads\/D-MATE_Pics\/ncsad_accessdoor-75x75.jpg 75w, https:\/\/www.durodynecanada.com\/wp-content\/uploads\/D-MATE_Pics\/ncsad_accessdoor.jpg 449w\" sizes=\"(max-width: 229px) 100vw, 229px\" \/><\/p>\n<p><a href=\"https:\/\/www.durodynecanada.com\/wp-content\/uploads\/D-MATE_Pdf\/nhsad_accessdoor_litsheet.pdf\">Fiche de documentation sur les portes d&rsquo;acc\u00e8s isol\u00e9es autocollantes NHSAD et NCSAD<\/a><\/p>\n<p><a href=\"https:\/\/www.durodynecanada.com\/wp-content\/uploads\/D-MATE_Pdf\/nhsad_accessdoor_submittal.pdf\">Portes d&rsquo;acc\u00e8s isol\u00e9es autocollantes NHSAD, soumission \u00e0 charni\u00e8re<\/a><\/p>\n<p><a href=\"https:\/\/www.durodynecanada.com\/wp-content\/uploads\/D-MATE_Pdf\/ncsad_accessdoor_submittal.pdf\">Portes d&rsquo;acc\u00e8s isol\u00e9es autocollantes NCSAD, came uniquement<br \/>\n<\/a><\/p>\n<h2>Dispositifs de verrouillage<\/h2>\n<p><img loading=\"lazy\" decoding=\"async\" class=\"alignnone wp-image-6201\" src=\"https:\/\/www.durodynecanada.com\/wp-content\/uploads\/D-MATE_Pics\/accessdoor_locking_device_grp-1024x521.jpg\" alt=\"Access Door Locking Devices\" width=\"501\" height=\"255\" srcset=\"https:\/\/www.durodynecanada.com\/wp-content\/uploads\/D-MATE_Pics\/accessdoor_locking_device_grp-1024x521.jpg 1024w, https:\/\/www.durodynecanada.com\/wp-content\/uploads\/D-MATE_Pics\/accessdoor_locking_device_grp-600x306.jpg 600w, https:\/\/www.durodynecanada.com\/wp-content\/uploads\/D-MATE_Pics\/accessdoor_locking_device_grp-300x153.jpg 300w, https:\/\/www.durodynecanada.com\/wp-content\/uploads\/D-MATE_Pics\/accessdoor_locking_device_grp-768x391.jpg 768w, https:\/\/www.durodynecanada.com\/wp-content\/uploads\/D-MATE_Pics\/accessdoor_locking_device_grp-540x275.jpg 540w, https:\/\/www.durodynecanada.com\/wp-content\/uploads\/D-MATE_Pics\/accessdoor_locking_device_grp.jpg 1200w\" sizes=\"(max-width: 501px) 100vw, 501px\" \/><\/p>\n<p><a href=\"https:\/\/www.durodynecanada.com\/wp-content\/uploads\/D-MATE_Pdf\/accessdoor_lockingdevices_ddc.pdf\">Soumission du dispositif de verrouillage de porte d&rsquo;acc\u00e8s (DDC)<\/a><\/p>\n<p><a href=\"https:\/\/www.durodynecanada.com\/products\/air-regulation\/latcheshandles\/\">Pour plus d&rsquo;informations, voir la page Duro Dyne Canada Loquets\/poign\u00e9es<\/a><\/p>\n","protected":false},"excerpt":{"rendered":"<p>PORTES D&rsquo;ACC\u00c8S L&rsquo;inspection et le test p\u00e9riodiques des clapets et des d\u00e9tecteurs d&rsquo;incendie et de fum\u00e9e dans les gaines constituent une proc\u00e9dure de s\u00e9curit\u00e9 standard. Un acc\u00e8s facile \u00e0 ces dispositifs ainsi qu&rsquo;un moyen d&rsquo;acc\u00e8s pour le nettoyage des conduits. Les portes d&rsquo;acc\u00e8s Duro Dyne comprennent un cadre int\u00e9gral qui se fixe facilement \u00e0 la &hellip;<\/p>\n","protected":false},"author":7,"featured_media":0,"parent":7603,"menu_order":0,"comment_status":"closed","ping_status":"closed","template":"","meta":{"_acf_changed":false,"footnotes":""},"acf":[],"_links":{"self":[{"href":"https:\/\/www.durodynecanada.com\/fr\/wp-json\/wp\/v2\/pages\/7101"}],"collection":[{"href":"https:\/\/www.durodynecanada.com\/fr\/wp-json\/wp\/v2\/pages"}],"about":[{"href":"https:\/\/www.durodynecanada.com\/fr\/wp-json\/wp\/v2\/types\/page"}],"author":[{"embeddable":true,"href":"https:\/\/www.durodynecanada.com\/fr\/wp-json\/wp\/v2\/users\/7"}],"replies":[{"embeddable":true,"href":"https:\/\/www.durodynecanada.com\/fr\/wp-json\/wp\/v2\/comments?post=7101"}],"version-history":[{"count":4,"href":"https:\/\/www.durodynecanada.com\/fr\/wp-json\/wp\/v2\/pages\/7101\/revisions"}],"predecessor-version":[{"id":8517,"href":"https:\/\/www.durodynecanada.com\/fr\/wp-json\/wp\/v2\/pages\/7101\/revisions\/8517"}],"up":[{"embeddable":true,"href":"https:\/\/www.durodynecanada.com\/fr\/wp-json\/wp\/v2\/pages\/7603"}],"wp:attachment":[{"href":"https:\/\/www.durodynecanada.com\/fr\/wp-json\/wp\/v2\/media?parent=7101"}],"curies":[{"name":"wp","href":"https:\/\/api.w.org\/{rel}","templated":true}]}}