{"id":7098,"date":"2016-04-18T11:21:18","date_gmt":"2016-04-18T11:21:18","guid":{"rendered":"https:\/\/www.durodynecanada.com\/about-duro-dyne\/contact-us\/"},"modified":"2025-12-12T12:03:53","modified_gmt":"2025-12-12T17:03:53","slug":"contactez-nous","status":"publish","type":"page","link":"https:\/\/www.durodynecanada.com\/fr\/a-propos-de-duro-dyne\/contactez-nous\/","title":{"rendered":"Contactez-nous"},"content":{"rendered":"<div id=\"pl-834\" class=\"panel-layout\">\n<div id=\"pg-834-0\" class=\"panel-grid panel-no-style\" data-style=\"{&quot;background_display&quot;:&quot;tile&quot;,&quot;bottom_margin&quot;:&quot;90px&quot;}\">\n<div id=\"pgc-834-0-0\" class=\"panel-grid-cell\" data-weight=\"0.62617839013778\">\n<div id=\"panel-834-0-0-0\" class=\"so-panel widget widget_sow-google-map panel-first-child\" data-index=\"0\" data-style=\"{&quot;background_image_attachment&quot;:false,&quot;background_display&quot;:&quot;tile&quot;,&quot;featured_widgets&quot;:&quot;&quot;}\"><\/div>\n<div id=\"panel-834-0-0-1\" class=\"so-panel widget widget_pw_opening_time opening-time\" data-index=\"1\" data-style=\"{&quot;padding&quot;:&quot;45px&quot;,&quot;background&quot;:&quot;#eeeeee&quot;,&quot;background_display&quot;:&quot;tile&quot;,&quot;featured_widgets&quot;:&quot;&quot;}\">\n<div class=\"panel-widget-style panel-widget-style-for-834-0-0-1\">\n\t<div class=\"time-table\">\n\n\t\t\n\t\t<div class=\"inner-bg\">\n\t\t\t\t\t\t\t<dl class=\"week-day \">\n\t\t\t\t\t<dt>Lundi<\/dt>\n\t\t\t\t\t<dd class=\"week-day__line\"><\/dd>\n\t\t\t\t\t<dd>8:30-16:30<\/dd>\n\t\t\t\t<\/dl>\n\t\t\t\t\t\t\t<dl class=\"week-day  light-bg\">\n\t\t\t\t\t<dt>Mardi<\/dt>\n\t\t\t\t\t<dd class=\"week-day__line\"><\/dd>\n\t\t\t\t\t<dd>8:30-16:30<\/dd>\n\t\t\t\t<\/dl>\n\t\t\t\t\t\t\t<dl class=\"week-day \">\n\t\t\t\t\t<dt>Mercredi<\/dt>\n\t\t\t\t\t<dd class=\"week-day__line\"><\/dd>\n\t\t\t\t\t<dd>8:30-16:30<\/dd>\n\t\t\t\t<\/dl>\n\t\t\t\t\t\t\t<dl class=\"week-day  light-bg today\">\n\t\t\t\t\t<dt>Jeudi<\/dt>\n\t\t\t\t\t<dd class=\"week-day__line\"><\/dd>\n\t\t\t\t\t<dd>8:30-16:30<\/dd>\n\t\t\t\t<\/dl>\n\t\t\t\t\t\t\t<dl class=\"week-day \">\n\t\t\t\t\t<dt>Vendredi<\/dt>\n\t\t\t\t\t<dd class=\"week-day__line\"><\/dd>\n\t\t\t\t\t<dd>8:30-16:30<\/dd>\n\t\t\t\t<\/dl>\n\t\t\t\t\t\t\t<dl class=\"week-day  light-bg closed\">\n\t\t\t\t\t<dt>Samedi<\/dt>\n\t\t\t\t\t<dd class=\"week-day__line\"><\/dd>\n\t\t\t\t\t<dd>FERM\u00c9<\/dd>\n\t\t\t\t<\/dl>\n\t\t\t\t\t\t\t<dl class=\"week-day  closed\">\n\t\t\t\t\t<dt>Dimanche<\/dt>\n\t\t\t\t\t<dd class=\"week-day__line\"><\/dd>\n\t\t\t\t\t<dd>FERM\u00c9<\/dd>\n\t\t\t\t<\/dl>\n\t\t\t\t\t<\/div>\n\n\t\t\n\t<\/div>\n\n<\/div>\n<\/div>\n<div id=\"panel-834-0-0-2\" class=\"so-panel widget widget_sow-editor panel-last-child\" data-index=\"2\" data-style=\"{&quot;background_display&quot;:&quot;tile&quot;,&quot;featured_widgets&quot;:&quot;&quot;}\">\n<div class=\"so-widget-sow-editor so-widget-sow-editor-base\">\n<div class=\"siteorigin-widget-tinymce textwidget\">\n<p style=\"text-align: center;\">Informations ou commentaires<br \/>\n\n<div class=\"wpcf7 no-js\" id=\"wpcf7-f8434-o1\" lang=\"fr-FR\" dir=\"ltr\">\n<div class=\"screen-reader-response\"><p role=\"status\" aria-live=\"polite\" aria-atomic=\"true\"><\/p> <ul><\/ul><\/div>\n<form action=\"\/fr\/wp-json\/wp\/v2\/pages\/7098#wpcf7-f8434-o1\" method=\"post\" class=\"wpcf7-form init\" aria-label=\"Formulaire de contact\" novalidate=\"novalidate\" data-status=\"init\">\n<div style=\"display: none;\">\n<input type=\"hidden\" name=\"_wpcf7\" value=\"8434\" \/>\n<input type=\"hidden\" name=\"_wpcf7_version\" value=\"5.9.6\" \/>\n<input type=\"hidden\" name=\"_wpcf7_locale\" value=\"fr_FR\" \/>\n<input type=\"hidden\" name=\"_wpcf7_unit_tag\" value=\"wpcf7-f8434-o1\" \/>\n<input type=\"hidden\" name=\"_wpcf7_container_post\" value=\"0\" \/>\n<input type=\"hidden\" name=\"_wpcf7_posted_data_hash\" value=\"\" \/>\n<\/div>\n<div class=\"row\">\n\t<div class=\"col-xs-12  col-lg-5\">\n\t\t<p><span class=\"wpcf7-form-control-wrap\" data-name=\"name\"><input size=\"40\" maxlength=\"80\" class=\"wpcf7-form-control wpcf7-text wpcf7-validates-as-required form-control\" aria-required=\"true\" aria-invalid=\"false\" placeholder=\"Votre nom\" value=\"\" type=\"text\" name=\"name\" \/><\/span><br \/>\n<span class=\"wpcf7-form-control-wrap\" data-name=\"your-email\"><input size=\"40\" maxlength=\"80\" class=\"wpcf7-form-control wpcf7-email wpcf7-validates-as-required wpcf7-text wpcf7-validates-as-email form-control\" aria-required=\"true\" aria-invalid=\"false\" placeholder=\"Courriel\" value=\"\" type=\"email\" name=\"your-email\" \/><\/span>\n\t\t<\/p>\n\t\t<p><span class=\"wpcf7-form-control-wrap\" data-name=\"your-subject\"><input size=\"40\" maxlength=\"80\" class=\"wpcf7-form-control wpcf7-text form-control\" aria-invalid=\"false\" placeholder=\"Sujet\" value=\"\" type=\"text\" name=\"your-subject\" \/><\/span>\n\t\t<\/p>\n\t<\/div>\n\t<div class=\"col-xs-12  col-lg-7\">\n\t\t<p><span class=\"wpcf7-form-control-wrap\" data-name=\"your-message\"><textarea cols=\"40\" rows=\"10\" maxlength=\"400\" class=\"wpcf7-form-control wpcf7-textarea form-control\" aria-invalid=\"false\" placeholder=\"Message\" name=\"your-message\"><\/textarea><\/span><br \/>\n<input class=\"wpcf7-form-control wpcf7-submit has-spinner btn btn-primary\" type=\"submit\" value=\"ENVOYER\" \/>\n\t\t<\/p>\n\t<\/div>\n<\/div><div class=\"wpcf7-response-output\" aria-hidden=\"true\"><\/div>\n<\/form>\n<\/div>\n<\/p>\n<\/div>\n<\/div>\n<\/div>\n<\/div>\n<div id=\"pgc-834-0-1\" class=\"panel-grid-cell\" data-weight=\"0.37382160986222\">\n<div id=\"panel-834-0-1-0\" class=\"so-panel widget widget_sow-editor panel-first-child\" data-index=\"3\" data-style=\"{&quot;background_display&quot;:&quot;tile&quot;,&quot;featured_widgets&quot;:true}\">\n<div class=\"featured-widget panel-widget-style panel-widget-style-for-834-0-1-0\">\n<div class=\"so-widget-sow-editor so-widget-sow-editor-base\">\n<div class=\"siteorigin-widget-tinymce textwidget\">\n<p style=\"text-align: center;\"><span class=\"icon-container\"><span class=\"fa  fa-phone fa-3x\" style=\"color:#dddddd;\"><\/span><\/span><\/p>\n<p style=\"text-align: center;\"><span style=\"color: #333333;\"><strong>T\u00e9l\u00e9phone<\/strong><\/span><\/p>\n<p style=\"text-align: center;\"><b><span style=\"font-family: Arial; font-size: small;\">514-422-9760<br \/>\n<\/span><\/b><\/p>\n<\/div>\n<\/div>\n<\/div>\n<\/div>\n<div id=\"panel-834-0-1-1\" class=\"so-panel widget widget_sow-editor\" data-index=\"4\" data-style=\"{&quot;background_display&quot;:&quot;tile&quot;,&quot;featured_widgets&quot;:true}\">\n<div class=\"featured-widget panel-widget-style panel-widget-style-for-834-0-1-1\">\n<div class=\"so-widget-sow-editor so-widget-sow-editor-base\">\n<div class=\"siteorigin-widget-tinymce textwidget\">\n<p style=\"text-align: center;\"><span class=\"icon-container\"><span class=\"fa  fa-envelope fa-3x\" style=\"color:#dddddd;\"><\/span><\/span><\/p>\n<p style=\"text-align: center;\"><span style=\"color: #333333;\"><strong>Courriel<\/strong><\/span><\/p>\n<p style=\"text-align: center;\"><strong><a href=\"mailto:orderscanada@lennoxcss.com\">orderscanada@lennoxcss.com<\/a><\/strong><\/p>\n<p style=\"text-align: center;\">\n<\/div>\n<\/div>\n<\/div>\n<\/div>\n<div id=\"panel-834-0-1-2\" class=\"so-panel widget widget_sow-editor\" data-index=\"5\" data-style=\"{&quot;background_display&quot;:&quot;tile&quot;,&quot;featured_widgets&quot;:true}\">\n<div class=\"featured-widget panel-widget-style panel-widget-style-for-834-0-1-2\">\n<div class=\"so-widget-sow-editor so-widget-sow-editor-base\">\n<div class=\"siteorigin-widget-tinymce textwidget\">\n<p style=\"text-align: center;\"><span class=\"icon-container\"><span class=\"fa  fa-print fa-3x\" style=\"color:#dddddd;\"><\/span><\/span><\/p>\n<p style=\"text-align: center;\"><span style=\"color: #333333;\"><strong>T\u00e9l\u00e9copieur<\/strong><\/span><\/p>\n<p style=\"text-align: center;\"><b><span style=\"font-family: Arial; font-size: small;\"><span style=\"font-family: Arial; font-size: small;\">514-636-0328<\/span><\/span><\/b><br \/>\n<b><span style=\"font-family: Arial; font-size: small;\"><span style=\"font-family: Arial; font-size: small;\">1-888-387-6396<\/span><\/span><\/b><\/p>\n<\/div>\n<\/div>\n<\/div>\n<\/div>\n<div id=\"panel-834-0-1-3\" class=\"so-panel widget widget_sow-editor panel-last-child\" data-index=\"6\" data-style=\"{&quot;background_display&quot;:&quot;tile&quot;,&quot;featured_widgets&quot;:true}\">\n<div class=\"featured-widget panel-widget-style panel-widget-style-for-834-0-1-3\">\n<div class=\"so-widget-sow-editor so-widget-sow-editor-base\">\n<div class=\"siteorigin-widget-tinymce textwidget\">\n<p style=\"text-align: center;\"><span class=\"icon-container\"><span class=\"fa  fa-map-marker fa-3x\" style=\"color:#dddddd;\"><\/span><\/span><\/p>\n<p style=\"text-align: center;\"><span style=\"color: #333333;\"><strong>Adresse<\/strong><\/span><\/p>\n<p style=\"text-align: center;\">2365 46e AVENUE, LACHINE, QUEBEC H8T 3C9<\/p>\n<\/div>\n<\/div>\n<\/div>\n<\/div>\n<\/div>\n<\/div>\n<div id=\"pg-834-1\" class=\"panel-grid panel-no-style\" data-style=\"{&quot;background_image_attachment&quot;:false,&quot;background_display&quot;:&quot;tile&quot;,&quot;cell_alignment&quot;:&quot;flex-start&quot;}\">\n<div id=\"pgc-834-1-0\" class=\"panel-grid-cell panel-grid-cell-empty panel-grid-cell-mobile-last\" data-weight=\"0.33333333333333\"><\/div>\n<div id=\"pgc-834-1-1\" class=\"panel-grid-cell panel-grid-cell-empty\" data-weight=\"0.66666666666667\"><\/div>\n<\/div>\n<\/div>\n","protected":false},"excerpt":{"rendered":"<p>Informations ou commentaires T\u00e9l\u00e9phone 514-422-9760 Courriel orderscanada@lennoxcss.com T\u00e9l\u00e9copieur 514-636-0328 1-888-387-6396 Adresse 2365 46e AVENUE, LACHINE, QUEBEC H8T 3C9<\/p>\n","protected":false},"author":15,"featured_media":0,"parent":6695,"menu_order":6,"comment_status":"closed","ping_status":"closed","template":"","meta":{"_acf_changed":false,"footnotes":""},"acf":[],"_links":{"self":[{"href":"https:\/\/www.durodynecanada.com\/fr\/wp-json\/wp\/v2\/pages\/7098"}],"collection":[{"href":"https:\/\/www.durodynecanada.com\/fr\/wp-json\/wp\/v2\/pages"}],"about":[{"href":"https:\/\/www.durodynecanada.com\/fr\/wp-json\/wp\/v2\/types\/page"}],"author":[{"embeddable":true,"href":"https:\/\/www.durodynecanada.com\/fr\/wp-json\/wp\/v2\/users\/15"}],"replies":[{"embeddable":true,"href":"https:\/\/www.durodynecanada.com\/fr\/wp-json\/wp\/v2\/comments?post=7098"}],"version-history":[{"count":29,"href":"https:\/\/www.durodynecanada.com\/fr\/wp-json\/wp\/v2\/pages\/7098\/revisions"}],"predecessor-version":[{"id":9218,"href":"https:\/\/www.durodynecanada.com\/fr\/wp-json\/wp\/v2\/pages\/7098\/revisions\/9218"}],"up":[{"embeddable":true,"href":"https:\/\/www.durodynecanada.com\/fr\/wp-json\/wp\/v2\/pages\/6695"}],"wp:attachment":[{"href":"https:\/\/www.durodynecanada.com\/fr\/wp-json\/wp\/v2\/media?parent=7098"}],"curies":[{"name":"wp","href":"https:\/\/api.w.org\/{rel}","templated":true}]}}