{"id":7096,"date":"2017-03-16T18:42:24","date_gmt":"2017-03-16T18:42:24","guid":{"rendered":"https:\/\/www.durodynecanada.com\/about-duro-dyne\/email-orders\/"},"modified":"2025-11-06T12:50:33","modified_gmt":"2025-11-06T17:50:33","slug":"commandes-par-courriel","status":"publish","type":"page","link":"https:\/\/www.durodynecanada.com\/fr\/a-propos-de-duro-dyne\/commandes-par-courriel\/","title":{"rendered":"Commandes par courriel"},"content":{"rendered":"<div id=\"pl-972\" class=\"panel-layout\">\n<div id=\"pg-972-0\" class=\"panel-grid panel-no-style\" data-style=\"{&quot;background_display&quot;:&quot;tile&quot;}\">\n<div id=\"pgc-972-0-0\" class=\"panel-grid-cell panel-grid-cell-empty\" data-weight=\"0.023809523809524\"><\/div>\n<div id=\"pgc-972-0-1\" class=\"panel-grid-cell panel-grid-cell-mobile-last\" data-weight=\"0.75\">\n<div id=\"panel-972-0-1-0\" class=\"so-panel widget widget_sow-editor panel-first-child\" data-index=\"0\" data-style=\"{&quot;background_display&quot;:&quot;tile&quot;,&quot;featured_widgets&quot;:&quot;&quot;}\">\n<div class=\"so-widget-sow-editor so-widget-sow-editor-base\">\n<div class=\"siteorigin-widget-tinymce textwidget\">\n<p>Envoyez votre commande \u00e0 Lennox CSS Canada par courriel<\/p>\n<p>Vous pouvez envoyer par courriel votre commande \u00e0 l&rsquo;adresse suivante<\/p>\n<\/div>\n<\/div>\n<\/div>\n<div id=\"panel-972-0-1-1\" class=\"so-panel widget widget_sow-editor panel-last-child\" data-index=\"1\" data-style=\"{&quot;widget_css&quot;:&quot;div {\\n border-width:1px 1px 3px 1px;\\n border-style:solid solid;\\n border-color: #e2e2e2 #e2e2e2 #fec303 #e2e2e2;\\n padding:0 10px;\\n }&quot;,&quot;background_image_attachment&quot;:false,&quot;background_display&quot;:&quot;tile&quot;,&quot;featured_widgets&quot;:&quot;&quot;}\">\n<div class=\"panel-widget-style panel-widget-style-for-972-0-1-1\">\n<div class=\"so-widget-sow-editor so-widget-sow-editor-base\">\n<div class=\"siteorigin-widget-tinymce textwidget\">\n<p style=\"text-align: left;\"><span style=\"color: #fec303;\">Lennox CSS Canada <a href=\"mailto:orderscanada@lennoxcss.com\">orderscanada@lennoxcss.com<\/a><\/span><\/p>\n<p style=\"text-align: left;\">Une fois la commande trait\u00e9e, une confirmation de commande sera envoy\u00e9e \u00e0 l&rsquo;adresse \u00e9lectronique que vous avez fournie.<\/p>\n<\/div>\n<\/div>\n<\/div>\n<\/div>\n<\/div>\n<div id=\"pgc-972-0-2\" class=\"panel-grid-cell panel-grid-cell-empty\" data-weight=\"0.22619047619048\"><\/div>\n<\/div>\n<\/div>\n","protected":false},"excerpt":{"rendered":"<p>Envoyez votre commande \u00e0 Lennox CSS Canada par courriel Vous pouvez envoyer par courriel votre commande \u00e0 l&rsquo;adresse suivante Lennox CSS Canada orderscanada@lennoxcss.com Une fois la commande trait\u00e9e, une confirmation de commande sera envoy\u00e9e \u00e0 l&rsquo;adresse \u00e9lectronique que vous avez fournie.<\/p>\n","protected":false},"author":15,"featured_media":0,"parent":6695,"menu_order":5,"comment_status":"closed","ping_status":"closed","template":"","meta":{"_acf_changed":false,"footnotes":""},"acf":[],"_links":{"self":[{"href":"https:\/\/www.durodynecanada.com\/fr\/wp-json\/wp\/v2\/pages\/7096"}],"collection":[{"href":"https:\/\/www.durodynecanada.com\/fr\/wp-json\/wp\/v2\/pages"}],"about":[{"href":"https:\/\/www.durodynecanada.com\/fr\/wp-json\/wp\/v2\/types\/page"}],"author":[{"embeddable":true,"href":"https:\/\/www.durodynecanada.com\/fr\/wp-json\/wp\/v2\/users\/15"}],"replies":[{"embeddable":true,"href":"https:\/\/www.durodynecanada.com\/fr\/wp-json\/wp\/v2\/comments?post=7096"}],"version-history":[{"count":6,"href":"https:\/\/www.durodynecanada.com\/fr\/wp-json\/wp\/v2\/pages\/7096\/revisions"}],"predecessor-version":[{"id":9184,"href":"https:\/\/www.durodynecanada.com\/fr\/wp-json\/wp\/v2\/pages\/7096\/revisions\/9184"}],"up":[{"embeddable":true,"href":"https:\/\/www.durodynecanada.com\/fr\/wp-json\/wp\/v2\/pages\/6695"}],"wp:attachment":[{"href":"https:\/\/www.durodynecanada.com\/fr\/wp-json\/wp\/v2\/media?parent=7096"}],"curies":[{"name":"wp","href":"https:\/\/api.w.org\/{rel}","templated":true}]}}