{"id":7094,"date":"2019-06-10T13:57:16","date_gmt":"2019-06-10T17:57:16","guid":{"rendered":"https:\/\/www.durodynecanada.com\/__trashed\/klenk-shears\/"},"modified":"2022-06-16T14:14:43","modified_gmt":"2022-06-16T18:14:43","slug":"klenk-shears","status":"publish","type":"page","link":"https:\/\/www.durodynecanada.com\/fr\/produits\/klenk-shears\/","title":{"rendered":"Klenk Shears"},"content":{"rendered":"<h1>KLENK<sup>\u00ae<\/sup> TINNER&rsquo;S SHEARS<\/h1>\n<ul>\n<li>Ciseaux de tennismen \u00e0 motif droit<\/li>\n<li>Con\u00e7ue pour couper droit, ainsi que de larges courbes \u00e0 gauche ou \u00e0 droite<\/li>\n<li>Forg\u00e9 en acier \u00e0 haute teneur en carbone<\/li>\n<li>Bords coupants tremp\u00e9s par induction<\/li>\n<li>Poign\u00e9es \u00e0 prise coussin\u00e9e<\/li>\n<li>Disponible en 7&Prime;, 10&Prime;, 12&Prime;, 14&Prime; et 16&Prime;.<\/li>\n<\/ul>\n<table width=\"100%\">\n<tbody>\n<tr>\n<td width=\"9%\"><strong>Item No.<\/strong><\/td>\n<td width=\"12%\"><strong>Code<\/strong><\/td>\n<td width=\"38%\"><strong>Description<\/strong><\/td>\n<td style=\"text-align: center;\" width=\"12%\"><strong>Klenk No.<\/strong><\/td>\n<td width=\"20%\"><\/td>\n<\/tr>\n<tr>\n<td width=\"9%\">820122<\/td>\n<td width=\"12%\"><strong>KTS-7<\/strong><\/td>\n<td width=\"38%\">Professional 7&Prime; Tinner&rsquo;s Shear with a 1-3\/4&Prime; cut<br \/>\nCapacit\u00e9 de coupe: 24-gauge CR to 28-gauge SS<\/td>\n<td style=\"text-align: center;\" width=\"12%\">DA70010<\/td>\n<td width=\"20%\"><img loading=\"lazy\" decoding=\"async\" class=\"alignnone wp-image-6374\" src=\"https:\/\/www.durodynecanada.com\/wp-content\/uploads\/Tools_Images\/kts7_2019.jpg\" alt=\"KTS-7 7&quot; Klenk Tinner's Shear\" width=\"117\" height=\"58\"><\/td>\n<\/tr>\n<tr>\n<td width=\"9%\">820123<\/td>\n<td width=\"12%\"><strong>KTS-10<\/strong><\/td>\n<td width=\"38%\">Professional 10&Prime; Tinner&rsquo;s Shear with a 2-1\/2&Prime; cut<br \/>\nCapacit\u00e9 de coupe: 22-gauge CR to 26-gauge SS<\/td>\n<td style=\"text-align: center;\" width=\"12%\">DA70020<\/td>\n<td width=\"20%\"><img loading=\"lazy\" decoding=\"async\" class=\"alignnone wp-image-6375\" src=\"https:\/\/www.durodynecanada.com\/wp-content\/uploads\/Tools_Images\/kts10_2019.jpg\" alt=\"KTS-10 10&quot; Klenk Tinner's Shear\" width=\"149\" height=\"68\"><\/td>\n<\/tr>\n<tr>\n<td width=\"9%\">820120<\/td>\n<td width=\"12%\"><strong>KTS-12<\/strong><\/td>\n<td width=\"38%\">Professional 12&Prime; Tinner&rsquo;s Shear with a 3&Prime; cut.<br \/>\nCapacit\u00e9 de coupe: 20-gauge CR to 22-gauge SS<\/td>\n<td style=\"text-align: center;\" width=\"12%\">DA70030<\/td>\n<td width=\"20%\"><img loading=\"lazy\" decoding=\"async\" class=\"alignnone wp-image-6376\" src=\"https:\/\/www.durodynecanada.com\/wp-content\/uploads\/Tools_Images\/kts12_2019.jpg\" alt=\"KTS-12 12&quot; Klenk Tinner's Shear\" width=\"176\" height=\"69\"><\/td>\n<\/tr>\n<tr>\n<td width=\"9%\">820121<\/td>\n<td width=\"12%\"><strong>KTS-14<\/strong><\/td>\n<td width=\"38%\">Professional 14&Prime; Tinner&rsquo;s Shear with a 3-5\/8&Prime; cut<br \/>\nCapacit\u00e9 de coupe: 18-gauge CR to 22-gauge SS<\/td>\n<td style=\"text-align: center;\" width=\"12%\">DA70040<\/td>\n<td width=\"20%\"><img loading=\"lazy\" decoding=\"async\" class=\"alignnone wp-image-6377\" src=\"https:\/\/www.durodynecanada.com\/wp-content\/uploads\/Tools_Images\/kts14_2019.jpg\" alt=\"KTS-14 14&quot; Klenk Tinner's Shear\" width=\"216\" height=\"75\"><\/td>\n<\/tr>\n<tr>\n<td width=\"9%\">820124<\/td>\n<td width=\"12%\"><strong>KTS-16<\/strong><\/td>\n<td width=\"38%\">Professional 16&Prime; Tinner&rsquo;s Bulldog Shear with a 2-1\/2&Prime; cut<br \/>\nCapacit\u00e9 de coupe: 16-gauge CR to 18-gauge SS<\/td>\n<td style=\"text-align: center;\" width=\"12%\">DA70050<\/td>\n<td width=\"20%\"><img loading=\"lazy\" decoding=\"async\" class=\"alignnone wp-image-6378\" src=\"https:\/\/www.durodynecanada.com\/wp-content\/uploads\/Tools_Images\/kts16_2019-300x106.jpg\" alt=\"KTS-16 16&quot; Klenk Bulldog Shear\" width=\"251\" height=\"89\" srcset=\"https:\/\/www.durodynecanada.com\/wp-content\/uploads\/Tools_Images\/kts16_2019-300x106.jpg 300w, https:\/\/www.durodynecanada.com\/wp-content\/uploads\/Tools_Images\/kts16_2019.jpg 322w\" sizes=\"(max-width: 251px) 100vw, 251px\" \/><\/td>\n<\/tr>\n<\/tbody>\n<\/table>\n","protected":false},"excerpt":{"rendered":"<p>KLENK\u00ae TINNER&rsquo;S SHEARS Ciseaux de tennismen \u00e0 motif droit Con\u00e7ue pour couper droit, ainsi que de larges courbes \u00e0 gauche ou \u00e0 droite Forg\u00e9 en acier \u00e0 haute teneur en carbone Bords coupants tremp\u00e9s par induction Poign\u00e9es \u00e0 prise coussin\u00e9e Disponible en 7&Prime;, 10&Prime;, 12&Prime;, 14&Prime; et 16&Prime;. Item No. Code Description Klenk No. 820122 &hellip;<\/p>\n","protected":false},"author":7,"featured_media":0,"parent":7571,"menu_order":0,"comment_status":"closed","ping_status":"closed","template":"","meta":{"_acf_changed":false,"footnotes":""},"acf":[],"_links":{"self":[{"href":"https:\/\/www.durodynecanada.com\/fr\/wp-json\/wp\/v2\/pages\/7094"}],"collection":[{"href":"https:\/\/www.durodynecanada.com\/fr\/wp-json\/wp\/v2\/pages"}],"about":[{"href":"https:\/\/www.durodynecanada.com\/fr\/wp-json\/wp\/v2\/types\/page"}],"author":[{"embeddable":true,"href":"https:\/\/www.durodynecanada.com\/fr\/wp-json\/wp\/v2\/users\/7"}],"replies":[{"embeddable":true,"href":"https:\/\/www.durodynecanada.com\/fr\/wp-json\/wp\/v2\/comments?post=7094"}],"version-history":[{"count":3,"href":"https:\/\/www.durodynecanada.com\/fr\/wp-json\/wp\/v2\/pages\/7094\/revisions"}],"predecessor-version":[{"id":7906,"href":"https:\/\/www.durodynecanada.com\/fr\/wp-json\/wp\/v2\/pages\/7094\/revisions\/7906"}],"up":[{"embeddable":true,"href":"https:\/\/www.durodynecanada.com\/fr\/wp-json\/wp\/v2\/pages\/7571"}],"wp:attachment":[{"href":"https:\/\/www.durodynecanada.com\/fr\/wp-json\/wp\/v2\/media?parent=7094"}],"curies":[{"name":"wp","href":"https:\/\/api.w.org\/{rel}","templated":true}]}}