{"id":7085,"date":"2020-09-09T15:09:50","date_gmt":"2020-09-09T19:09:50","guid":{"rendered":"https:\/\/www.durodynecanada.com\/__trashed\/dyn-o-ring\/"},"modified":"2022-06-16T14:14:16","modified_gmt":"2022-06-16T18:14:16","slug":"dyn-o-ring","status":"publish","type":"page","link":"https:\/\/www.durodynecanada.com\/fr\/produits\/dyn-o-ring\/","title":{"rendered":"Dyn-O-Ring"},"content":{"rendered":"<h1>DYN-O-RING<\/h1>\n<p>Les Dyn-O-Rings de Duro Dyne rendent l&rsquo;installation de conduits en spirale rapide et facile. Les anneaux Dyn-O-Ring sont fournis avec des trous pr\u00e9-perc\u00e9s pour un assemblage rapide au conduit. Ils \u00e9liminent les colliers et les clips qui demandent beaucoup de travail et aucun outil sp\u00e9cial n&rsquo;est n\u00e9cessaire pour l&rsquo;installation. Ils peuvent \u00eatre install\u00e9s et assembl\u00e9s sur site ou en atelier. Les gaines peuvent \u00eatre d\u00e9mont\u00e9es et r\u00e9assembl\u00e9es facilement. Il n&rsquo;y a pratiquement aucune fuite au niveau du raccord transversal lorsqu&rsquo;il est correctement install\u00e9.<\/p>\n<p>Les Dyn-O-Rings \u00e0 90 degr\u00e9s sont disponibles dans des tailles allant de 8 \u00e0 59 pouces de diam\u00e8tre et les Dyn-O-Rings TDC dans des tailles allant de 14 \u00e0 59 pouces de diam\u00e8tre.<\/p>\n<p>Fabriqu\u00e9es en acier galvanis\u00e9 de calibre 18, r\u00e9pondant aux sp\u00e9cifications ASTM A-653 (qualit\u00e9 de formage de serrure).<\/p>\n<p>\u25aa R\u00e9pond \u00e0 la classe de rigidit\u00e9 C de la SMACNA, selon l&rsquo;Institut de test et de recherche de la SMACNA.<br \/>\n\u25aa Les anneaux Dyn-O-Ring sont disponibles dans les styles monocouche 90 degr\u00e9s et rigide lamin\u00e9 TDC.<br \/>\n\u25aa Classe de pression +20 \u00ab\u00a0W.G. \u00e0 -10\u00a0\u00bb W.G.<br \/>\n\u25aa Les joints Dyn-O-Ring \u00e0 90 degr\u00e9s et TDC sont disponibles sous forme de bagues fendues pour s&rsquo;adapter aux<br \/>\nvariations dans les \u00e9tirements des lignes spiral\u00e9es.<\/p>\n<p>Traduit avec www.DeepL.com\/Translator (version gratuite)<\/p>\n<p><img loading=\"lazy\" decoding=\"async\" class=\"aligncenter wp-image-6511 size-full\" src=\"https:\/\/www.durodynecanada.com\/wp-content\/uploads\/D-MATE_Pics\/dynorings_main.jpg\" alt=\"Dyn-O-Rings\" width=\"551\" height=\"825\" srcset=\"https:\/\/www.durodynecanada.com\/wp-content\/uploads\/D-MATE_Pics\/dynorings_main.jpg 551w, https:\/\/www.durodynecanada.com\/wp-content\/uploads\/D-MATE_Pics\/dynorings_main-200x300.jpg 200w, https:\/\/www.durodynecanada.com\/wp-content\/uploads\/D-MATE_Pics\/dynorings_main-361x540.jpg 361w\" sizes=\"(max-width: 551px) 100vw, 551px\" \/><\/p>\n<p><a href=\"https:\/\/www.durodynecanada.com\/wp-content\/uploads\/D-MATE_Pdf\/dynoring_litsheet_ddc_8_2020.pdf\">Dyn-O-Rings Literature Sheet (DDC)<\/a><\/p>\n<p><a href=\"https:\/\/www.durodynecanada.com\/wp-content\/uploads\/D-MATE_Pdf\/dynoring_submittal_ddc_8_2020.pdf\">Dyn-O-Rings Submittal (DDC)<\/a><\/p>\n","protected":false},"excerpt":{"rendered":"<p>DYN-O-RING Les Dyn-O-Rings de Duro Dyne rendent l&rsquo;installation de conduits en spirale rapide et facile. Les anneaux Dyn-O-Ring sont fournis avec des trous pr\u00e9-perc\u00e9s pour un assemblage rapide au conduit. Ils \u00e9liminent les colliers et les clips qui demandent beaucoup de travail et aucun outil sp\u00e9cial n&rsquo;est n\u00e9cessaire pour l&rsquo;installation. Ils peuvent \u00eatre install\u00e9s et &hellip;<\/p>\n","protected":false},"author":7,"featured_media":0,"parent":7571,"menu_order":0,"comment_status":"closed","ping_status":"closed","template":"","meta":{"_acf_changed":false,"footnotes":""},"acf":[],"_links":{"self":[{"href":"https:\/\/www.durodynecanada.com\/fr\/wp-json\/wp\/v2\/pages\/7085"}],"collection":[{"href":"https:\/\/www.durodynecanada.com\/fr\/wp-json\/wp\/v2\/pages"}],"about":[{"href":"https:\/\/www.durodynecanada.com\/fr\/wp-json\/wp\/v2\/types\/page"}],"author":[{"embeddable":true,"href":"https:\/\/www.durodynecanada.com\/fr\/wp-json\/wp\/v2\/users\/7"}],"replies":[{"embeddable":true,"href":"https:\/\/www.durodynecanada.com\/fr\/wp-json\/wp\/v2\/comments?post=7085"}],"version-history":[{"count":3,"href":"https:\/\/www.durodynecanada.com\/fr\/wp-json\/wp\/v2\/pages\/7085\/revisions"}],"predecessor-version":[{"id":7903,"href":"https:\/\/www.durodynecanada.com\/fr\/wp-json\/wp\/v2\/pages\/7085\/revisions\/7903"}],"up":[{"embeddable":true,"href":"https:\/\/www.durodynecanada.com\/fr\/wp-json\/wp\/v2\/pages\/7571"}],"wp:attachment":[{"href":"https:\/\/www.durodynecanada.com\/fr\/wp-json\/wp\/v2\/media?parent=7085"}],"curies":[{"name":"wp","href":"https:\/\/api.w.org\/{rel}","templated":true}]}}