{"id":7066,"date":"2021-07-07T15:04:51","date_gmt":"2021-07-07T19:04:51","guid":{"rendered":"https:\/\/www.durodynecanada.com\/nail-plates-and-hangers\/"},"modified":"2022-06-16T14:12:28","modified_gmt":"2022-06-16T18:12:28","slug":"nail-plates-and-hangers","status":"publish","type":"page","link":"https:\/\/www.durodynecanada.com\/fr\/nail-plates-and-hangers\/","title":{"rendered":"Plaques \u00e0 clous et crochets"},"content":{"rendered":"<p>Duro Dyne offre une vari\u00e9t\u00e9 de plaques de clous et de crochets. Tous ces produits sont fabriqu\u00e9s aux Etats-Unis.<\/p>\n<p>Pour tous les produits Duro Dyne Nail Plates et Hangers, veuillez voir :<\/p>\n<p><a href=\"https:\/\/www.durodynecanada.com\/wp-content\/uploads\/D-MATE_NAILS_HANGERS\/NailPlatesBooklet-LR-May-2021.pdf\"><strong>Nail Plates and Hangers Booklet<\/strong><\/a><\/p>\n<h2>Stud Guards<\/h2>\n<p><img loading=\"lazy\" decoding=\"async\" class=\"alignnone wp-image-6579\" src=\"https:\/\/www.durodynecanada.com\/wp-content\/uploads\/D-MATE_NAILS_HANGERS\/stud_guards_fanged-300x110.jpg\" alt=\"Stud Guards with Fangs\" width=\"400\" height=\"147\" srcset=\"https:\/\/www.durodynecanada.com\/wp-content\/uploads\/D-MATE_NAILS_HANGERS\/stud_guards_fanged-300x110.jpg 300w, https:\/\/www.durodynecanada.com\/wp-content\/uploads\/D-MATE_NAILS_HANGERS\/stud_guards_fanged-600x220.jpg 600w, https:\/\/www.durodynecanada.com\/wp-content\/uploads\/D-MATE_NAILS_HANGERS\/stud_guards_fanged-768x282.jpg 768w, https:\/\/www.durodynecanada.com\/wp-content\/uploads\/D-MATE_NAILS_HANGERS\/stud_guards_fanged-1024x376.jpg 1024w, https:\/\/www.durodynecanada.com\/wp-content\/uploads\/D-MATE_NAILS_HANGERS\/stud_guards_fanged-540x198.jpg 540w, https:\/\/www.durodynecanada.com\/wp-content\/uploads\/D-MATE_NAILS_HANGERS\/stud_guards_fanged.jpg 1318w\" sizes=\"(max-width: 400px) 100vw, 400px\" \/><\/p>\n<p>\u25aa 16 ga &amp; 18ga cold rolled steel or galvanized steel (selon la disponibilit\u00e9 du march\u00e9)<br \/>\n\u25aa Self-Nailing fang style and flat style<\/p>\n<p><a href=\"https:\/\/www.durodynecanada.com\/wp-content\/uploads\/D-MATE_NAILS_HANGERS\/StudGuards_FangTeeth_Submittal.pdf\"><strong>Stud Guard Submittal<\/strong><\/a><\/p>\n<h2>BOCA Nail Plates<\/h2>\n<p><img loading=\"lazy\" decoding=\"async\" class=\"alignnone wp-image-6576\" src=\"https:\/\/www.durodynecanada.com\/wp-content\/uploads\/D-MATE_NAILS_HANGERS\/boca_nailplates-300x200.jpg\" alt=\"BOCA Nail Plates\" width=\"400\" height=\"266\" srcset=\"https:\/\/www.durodynecanada.com\/wp-content\/uploads\/D-MATE_NAILS_HANGERS\/boca_nailplates-300x200.jpg 300w, https:\/\/www.durodynecanada.com\/wp-content\/uploads\/D-MATE_NAILS_HANGERS\/boca_nailplates-600x399.jpg 600w, https:\/\/www.durodynecanada.com\/wp-content\/uploads\/D-MATE_NAILS_HANGERS\/boca_nailplates-768x511.jpg 768w, https:\/\/www.durodynecanada.com\/wp-content\/uploads\/D-MATE_NAILS_HANGERS\/boca_nailplates-540x359.jpg 540w, https:\/\/www.durodynecanada.com\/wp-content\/uploads\/D-MATE_NAILS_HANGERS\/boca_nailplates-272x182.jpg 272w, https:\/\/www.durodynecanada.com\/wp-content\/uploads\/D-MATE_NAILS_HANGERS\/boca_nailplates.jpg 942w\" sizes=\"(max-width: 400px) 100vw, 400px\" \/><\/p>\n<p>\u25aa 16 ga cold rolled steel or galvanized steel (selon la disponibilit\u00e9 du march\u00e9)<br \/>\n\u25aa Rounded safety corners<br \/>\n\u25aa Available as standard or Self-Nailing<br \/>\n\u25aa Additional hole patterns available<\/p>\n<p><a href=\"https:\/\/www.durodynecanada.com\/wp-content\/uploads\/D-MATE_NAILS_HANGERS\/Boca_NailPlate_Submittal.pdf\"><strong>BOCA Nail Plates Submittal<\/strong><\/a><\/p>\n<h2>1.5&Prime; Nail Plates<\/h2>\n<p><img loading=\"lazy\" decoding=\"async\" class=\"alignnone wp-image-6571\" src=\"https:\/\/www.durodynecanada.com\/wp-content\/uploads\/D-MATE_NAILS_HANGERS\/1.5-nail_plates-300x45.jpg\" alt=\"1.5 Nail Plates\" width=\"401\" height=\"60\" srcset=\"https:\/\/www.durodynecanada.com\/wp-content\/uploads\/D-MATE_NAILS_HANGERS\/1.5-nail_plates-300x45.jpg 300w, https:\/\/www.durodynecanada.com\/wp-content\/uploads\/D-MATE_NAILS_HANGERS\/1.5-nail_plates-600x90.jpg 600w, https:\/\/www.durodynecanada.com\/wp-content\/uploads\/D-MATE_NAILS_HANGERS\/1.5-nail_plates-768x115.jpg 768w, https:\/\/www.durodynecanada.com\/wp-content\/uploads\/D-MATE_NAILS_HANGERS\/1.5-nail_plates-1024x153.jpg 1024w, https:\/\/www.durodynecanada.com\/wp-content\/uploads\/D-MATE_NAILS_HANGERS\/1.5-nail_plates-540x81.jpg 540w, https:\/\/www.durodynecanada.com\/wp-content\/uploads\/D-MATE_NAILS_HANGERS\/1.5-nail_plates.jpg 1183w\" sizes=\"(max-width: 401px) 100vw, 401px\" \/><\/p>\n<p>\u25aa 16 ga cold rolled steel or galvanized steel (selon la disponibilit\u00e9 du march\u00e9)<br \/>\n\u25aa Rounded safety corners<br \/>\n\u25aa Additional hole patterns available<\/p>\n<p><a href=\"https:\/\/www.durodynecanada.com\/wp-content\/uploads\/D-MATE_NAILS_HANGERS\/1.5_NailPlates_Submittal.pdf\"><strong>1.5 Nail Plates Submittal<\/strong><\/a><\/p>\n<h2>3&Prime; x 18&Prime; Nail Plates<\/h2>\n<p><img loading=\"lazy\" decoding=\"async\" class=\"alignnone wp-image-6573\" src=\"https:\/\/www.durodynecanada.com\/wp-content\/uploads\/D-MATE_NAILS_HANGERS\/3x18-nailplates-300x125.jpg\" alt=\"3 X 18 Nail Plates\" width=\"401\" height=\"167\" srcset=\"https:\/\/www.durodynecanada.com\/wp-content\/uploads\/D-MATE_NAILS_HANGERS\/3x18-nailplates-300x125.jpg 300w, https:\/\/www.durodynecanada.com\/wp-content\/uploads\/D-MATE_NAILS_HANGERS\/3x18-nailplates-600x250.jpg 600w, https:\/\/www.durodynecanada.com\/wp-content\/uploads\/D-MATE_NAILS_HANGERS\/3x18-nailplates-768x320.jpg 768w, https:\/\/www.durodynecanada.com\/wp-content\/uploads\/D-MATE_NAILS_HANGERS\/3x18-nailplates-1024x427.jpg 1024w, https:\/\/www.durodynecanada.com\/wp-content\/uploads\/D-MATE_NAILS_HANGERS\/3x18-nailplates-540x225.jpg 540w, https:\/\/www.durodynecanada.com\/wp-content\/uploads\/D-MATE_NAILS_HANGERS\/3x18-nailplates.jpg 1145w\" sizes=\"(max-width: 401px) 100vw, 401px\" \/><\/p>\n<p>\u25aa 16 ga cold rolled steel or galvanized steel (selon la disponibilit\u00e9 du march\u00e9)<br \/>\n\u25aa Rounded safety corners<br \/>\n\u25aa Additional hole patterns available<\/p>\n<p><a href=\"https:\/\/www.durodynecanada.com\/wp-content\/uploads\/D-MATE_NAILS_HANGERS\/3x18_NailPlates_Submittal.pdf\"><strong>3&Prime; X 18&Prime; Nail Plates Submittal<\/strong><\/a><\/p>\n<h2>3&Prime; Nail Plates<\/h2>\n<p><img loading=\"lazy\" decoding=\"async\" class=\"alignnone wp-image-6572\" src=\"https:\/\/www.durodynecanada.com\/wp-content\/uploads\/D-MATE_NAILS_HANGERS\/3in-nailplates-300x125.jpg\" alt=\"3 Inch Nail Plates\" width=\"401\" height=\"167\" srcset=\"https:\/\/www.durodynecanada.com\/wp-content\/uploads\/D-MATE_NAILS_HANGERS\/3in-nailplates-300x125.jpg 300w, https:\/\/www.durodynecanada.com\/wp-content\/uploads\/D-MATE_NAILS_HANGERS\/3in-nailplates-600x250.jpg 600w, https:\/\/www.durodynecanada.com\/wp-content\/uploads\/D-MATE_NAILS_HANGERS\/3in-nailplates-768x320.jpg 768w, https:\/\/www.durodynecanada.com\/wp-content\/uploads\/D-MATE_NAILS_HANGERS\/3in-nailplates-1024x427.jpg 1024w, https:\/\/www.durodynecanada.com\/wp-content\/uploads\/D-MATE_NAILS_HANGERS\/3in-nailplates-540x225.jpg 540w, https:\/\/www.durodynecanada.com\/wp-content\/uploads\/D-MATE_NAILS_HANGERS\/3in-nailplates.jpg 1145w\" sizes=\"(max-width: 401px) 100vw, 401px\" \/><\/p>\n<p>\u25aa 16 ga cold rolled steel or galvanized steel (selon la disponibilit\u00e9 du march\u00e9)<br \/>\n\u25aa Rounded safety corners<br \/>\n\u25aa Additional hole patterns available<\/p>\n<p><a href=\"https:\/\/www.durodynecanada.com\/wp-content\/uploads\/D-MATE_NAILS_HANGERS\/3in_NailPlates_Submittal.pdf\"><strong>3&Prime; Nail Plates Submittal<\/strong><\/a><\/p>\n<h2>5&Prime; x 18&Prime; Nail Plates<\/h2>\n<p><img loading=\"lazy\" decoding=\"async\" class=\"alignnone wp-image-6575\" src=\"https:\/\/www.durodynecanada.com\/wp-content\/uploads\/D-MATE_NAILS_HANGERS\/5x18-nailplates-300x197.jpg\" alt=\"5x18 Nail Plates\" width=\"401\" height=\"263\" srcset=\"https:\/\/www.durodynecanada.com\/wp-content\/uploads\/D-MATE_NAILS_HANGERS\/5x18-nailplates-300x197.jpg 300w, https:\/\/www.durodynecanada.com\/wp-content\/uploads\/D-MATE_NAILS_HANGERS\/5x18-nailplates-600x394.jpg 600w, https:\/\/www.durodynecanada.com\/wp-content\/uploads\/D-MATE_NAILS_HANGERS\/5x18-nailplates-768x504.jpg 768w, https:\/\/www.durodynecanada.com\/wp-content\/uploads\/D-MATE_NAILS_HANGERS\/5x18-nailplates-540x354.jpg 540w, https:\/\/www.durodynecanada.com\/wp-content\/uploads\/D-MATE_NAILS_HANGERS\/5x18-nailplates.jpg 946w\" sizes=\"(max-width: 401px) 100vw, 401px\" \/><\/p>\n<p>\u25aa 16 ga cold rolled steel or galvanized steel (selon la disponibilit\u00e9 du march\u00e9)<br \/>\n\u25aa Rounded safety corners<br \/>\n\u25aa Additional hole patterns available<\/p>\n<p><a href=\"https:\/\/www.durodynecanada.com\/wp-content\/uploads\/D-MATE_NAILS_HANGERS\/5x18_NailPlates_Submittal.pdf\"><strong>5&Prime; x 18&Prime; Nail Plate Submittal<\/strong><\/a><\/p>\n<h2>5&Prime; Nail Plates<\/h2>\n<p><img loading=\"lazy\" decoding=\"async\" class=\"alignnone wp-image-6574\" src=\"https:\/\/www.durodynecanada.com\/wp-content\/uploads\/D-MATE_NAILS_HANGERS\/5in-nailplates-300x149.jpg\" alt=\"5 Inch Nail Plates\" width=\"399\" height=\"198\" srcset=\"https:\/\/www.durodynecanada.com\/wp-content\/uploads\/D-MATE_NAILS_HANGERS\/5in-nailplates-300x149.jpg 300w, https:\/\/www.durodynecanada.com\/wp-content\/uploads\/D-MATE_NAILS_HANGERS\/5in-nailplates-600x297.jpg 600w, https:\/\/www.durodynecanada.com\/wp-content\/uploads\/D-MATE_NAILS_HANGERS\/5in-nailplates-768x381.jpg 768w, https:\/\/www.durodynecanada.com\/wp-content\/uploads\/D-MATE_NAILS_HANGERS\/5in-nailplates-540x268.jpg 540w, https:\/\/www.durodynecanada.com\/wp-content\/uploads\/D-MATE_NAILS_HANGERS\/5in-nailplates-360x180.jpg 360w, https:\/\/www.durodynecanada.com\/wp-content\/uploads\/D-MATE_NAILS_HANGERS\/5in-nailplates.jpg 946w\" sizes=\"(max-width: 399px) 100vw, 399px\" \/><\/p>\n<p>\u25aa 16 ga cold rolled steel or galvanized steel (selon la disponibilit\u00e9 du march\u00e9)<br \/>\n\u25aa Rounded safety corners<\/p>\n<p><a href=\"https:\/\/www.durodynecanada.com\/wp-content\/uploads\/D-MATE_NAILS_HANGERS\/5in_NailPlates_Submittal.pdf\"><strong>5&Prime; Nail Plates Submittal<\/strong><\/a><\/p>\n<h2>Z Brackets<\/h2>\n<p><img loading=\"lazy\" decoding=\"async\" class=\"alignnone wp-image-6580\" src=\"https:\/\/www.durodynecanada.com\/wp-content\/uploads\/D-MATE_NAILS_HANGERS\/z_brackets-300x213.jpg\" alt=\"Z Brackets\" width=\"400\" height=\"284\" srcset=\"https:\/\/www.durodynecanada.com\/wp-content\/uploads\/D-MATE_NAILS_HANGERS\/z_brackets-300x213.jpg 300w, https:\/\/www.durodynecanada.com\/wp-content\/uploads\/D-MATE_NAILS_HANGERS\/z_brackets-600x426.jpg 600w, https:\/\/www.durodynecanada.com\/wp-content\/uploads\/D-MATE_NAILS_HANGERS\/z_brackets-768x546.jpg 768w, https:\/\/www.durodynecanada.com\/wp-content\/uploads\/D-MATE_NAILS_HANGERS\/z_brackets-1024x727.jpg 1024w, https:\/\/www.durodynecanada.com\/wp-content\/uploads\/D-MATE_NAILS_HANGERS\/z_brackets-540x384.jpg 540w, https:\/\/www.durodynecanada.com\/wp-content\/uploads\/D-MATE_NAILS_HANGERS\/z_brackets-100x70.jpg 100w, https:\/\/www.durodynecanada.com\/wp-content\/uploads\/D-MATE_NAILS_HANGERS\/z_brackets.jpg 1143w\" sizes=\"(max-width: 400px) 100vw, 400px\" \/><\/p>\n<p>\u25aa 18 ga galvanized steel<br \/>\n\u25aa .75\u00a0\u00bb wide<br \/>\n\u25aa Rounded safety corners<br \/>\n\u25aa Central slot for initial duct adjustment before final attachment<\/p>\n<p><a href=\"https:\/\/www.durodynecanada.com\/wp-content\/uploads\/D-MATE_NAILS_HANGERS\/Z_Brackets_Submittal.pdf\"><strong>Z Bracket Submittal<\/strong><\/a><\/p>\n<h2>Gas Pipe Hangers<\/h2>\n<p><img loading=\"lazy\" decoding=\"async\" class=\"alignnone wp-image-6577\" src=\"https:\/\/www.durodynecanada.com\/wp-content\/uploads\/D-MATE_NAILS_HANGERS\/gas_pipe_hangers-300x149.jpg\" alt=\"Gas Pipe Hangers\" width=\"401\" height=\"199\" srcset=\"https:\/\/www.durodynecanada.com\/wp-content\/uploads\/D-MATE_NAILS_HANGERS\/gas_pipe_hangers-300x149.jpg 300w, https:\/\/www.durodynecanada.com\/wp-content\/uploads\/D-MATE_NAILS_HANGERS\/gas_pipe_hangers-600x298.jpg 600w, https:\/\/www.durodynecanada.com\/wp-content\/uploads\/D-MATE_NAILS_HANGERS\/gas_pipe_hangers-768x381.jpg 768w, https:\/\/www.durodynecanada.com\/wp-content\/uploads\/D-MATE_NAILS_HANGERS\/gas_pipe_hangers-1024x508.jpg 1024w, https:\/\/www.durodynecanada.com\/wp-content\/uploads\/D-MATE_NAILS_HANGERS\/gas_pipe_hangers-540x268.jpg 540w, https:\/\/www.durodynecanada.com\/wp-content\/uploads\/D-MATE_NAILS_HANGERS\/gas_pipe_hangers-360x180.jpg 360w, https:\/\/www.durodynecanada.com\/wp-content\/uploads\/D-MATE_NAILS_HANGERS\/gas_pipe_hangers.jpg 1152w\" sizes=\"(max-width: 401px) 100vw, 401px\" \/><\/p>\n<p>\u25aa 16 ga galvanized steel<br \/>\n\u25aa Structural perforations for dual length or single length use<br \/>\n\u25aa Infinite adjustability for easy installation<\/p>\n<p><a href=\"https:\/\/www.durodynecanada.com\/wp-content\/uploads\/D-MATE_NAILS_HANGERS\/GasPipe_Hangers_Submittal.pdf\"><strong>Gas Pipe Hangers Submittal<\/strong><\/a><\/p>\n<h2>Multi-Duct &lsquo;L&rsquo; Bracket<\/h2>\n<p><img loading=\"lazy\" decoding=\"async\" class=\"alignnone wp-image-6578\" src=\"https:\/\/www.durodynecanada.com\/wp-content\/uploads\/D-MATE_NAILS_HANGERS\/l_bracket-300x136.jpg\" alt=\"L Bracket\" width=\"400\" height=\"182\" srcset=\"https:\/\/www.durodynecanada.com\/wp-content\/uploads\/D-MATE_NAILS_HANGERS\/l_bracket-300x136.jpg 300w, https:\/\/www.durodynecanada.com\/wp-content\/uploads\/D-MATE_NAILS_HANGERS\/l_bracket.jpg 396w\" sizes=\"(max-width: 400px) 100vw, 400px\" \/><\/p>\n<p>\u25aa 18 ga galvanized steel<br \/>\n\u25aa 1\u00a0\u00bb scribe for proper placement on wrapped duct<br \/>\n\u25aa Rounded safety corners<\/p>\n<p><a href=\"https:\/\/www.durodynecanada.com\/wp-content\/uploads\/D-MATE_NAILS_HANGERS\/L_Bracket_Litsheet.pdf\"><strong>Multi-Duct &lsquo;L&rsquo; Bracket Literature Sheet<\/strong><\/a><\/p>\n<p><a href=\"https:\/\/www.durodynecanada.com\/wp-content\/uploads\/D-MATE_NAILS_HANGERS\/L_Bracket_Submittal.pdf\"><strong>Multi-Duct &lsquo;L&rsquo; Bracket Submittal<\/strong><\/a><\/p>\n","protected":false},"excerpt":{"rendered":"<p>Duro Dyne offre une vari\u00e9t\u00e9 de plaques de clous et de crochets. Tous ces produits sont fabriqu\u00e9s aux Etats-Unis. Pour tous les produits Duro Dyne Nail Plates et Hangers, veuillez voir : Nail Plates and Hangers Booklet Stud Guards \u25aa 16 ga &amp; 18ga cold rolled steel or galvanized steel (selon la disponibilit\u00e9 du march\u00e9) &hellip;<\/p>\n","protected":false},"author":7,"featured_media":0,"parent":0,"menu_order":0,"comment_status":"closed","ping_status":"closed","template":"","meta":{"_acf_changed":false,"footnotes":""},"acf":[],"_links":{"self":[{"href":"https:\/\/www.durodynecanada.com\/fr\/wp-json\/wp\/v2\/pages\/7066"}],"collection":[{"href":"https:\/\/www.durodynecanada.com\/fr\/wp-json\/wp\/v2\/pages"}],"about":[{"href":"https:\/\/www.durodynecanada.com\/fr\/wp-json\/wp\/v2\/types\/page"}],"author":[{"embeddable":true,"href":"https:\/\/www.durodynecanada.com\/fr\/wp-json\/wp\/v2\/users\/7"}],"replies":[{"embeddable":true,"href":"https:\/\/www.durodynecanada.com\/fr\/wp-json\/wp\/v2\/comments?post=7066"}],"version-history":[{"count":3,"href":"https:\/\/www.durodynecanada.com\/fr\/wp-json\/wp\/v2\/pages\/7066\/revisions"}],"predecessor-version":[{"id":7891,"href":"https:\/\/www.durodynecanada.com\/fr\/wp-json\/wp\/v2\/pages\/7066\/revisions\/7891"}],"wp:attachment":[{"href":"https:\/\/www.durodynecanada.com\/fr\/wp-json\/wp\/v2\/media?parent=7066"}],"curies":[{"name":"wp","href":"https:\/\/api.w.org\/{rel}","templated":true}]}}