{"id":6986,"date":"2019-06-13T10:29:31","date_gmt":"2019-06-13T14:29:31","guid":{"rendered":"https:\/\/www.durodynecanada.com\/e-blast\/"},"modified":"2022-06-08T16:51:20","modified_gmt":"2022-06-08T20:51:20","slug":"e-blast","status":"publish","type":"page","link":"https:\/\/www.durodynecanada.com\/fr\/e-blast\/","title":{"rendered":"E Blast"},"content":{"rendered":"<h1 style=\"text-align: left;\">DURO DYNE CANADA ARCHIVES DES E-MAIL-BULLETINS<\/h1>\n<p>Veuillez cliquer sur l&rsquo;un des liens ci-dessous (en <span style=\"color: #07b5e0;\"><strong>bleu<\/strong><\/span>) pour consulter nos anciens courriels.<\/p>\n<p><a href=\"mailto:jbechard@durodyne.com\">Envoyez un courriel \u00e0 Duro Dyne Canada<\/a> avec votre nom complet, le nom de votre entreprise, la ville et la province ainsi que votre adresse courriel pour \u00eatre ajout\u00e9 \u00e0 notre liste de contacts.<\/p>\n<table width=\"75%\">\n<tbody>\n<tr>\n<td width=\"25%\"><img loading=\"lazy\" decoding=\"async\" class=\"alignnone wp-image-6463\" src=\"https:\/\/www.durodynecanada.com\/wp-content\/uploads\/E-Blast_Pics\/dyna_hammer.jpg\" alt=\"PDH Dyna-Hammer\" width=\"202\" height=\"50\" \/><\/td>\n<td style=\"text-align: left;\" width=\"50%\">20 aout 2019 <strong><a href=\"https:\/\/conta.cc\/2z9poeI\">PDH Dyna-Hammer<\/a><\/strong> pour Pittsburgh Lock<\/td>\n<\/tr>\n<tr>\n<td width=\"25%\"><img loading=\"lazy\" decoding=\"async\" class=\"alignnone wp-image-6455\" src=\"https:\/\/www.durodynecanada.com\/wp-content\/uploads\/E-Blast_Pics\/pls.jpg\" alt=\"PLSU2 Automatic Insulation Cutter\" width=\"95\" height=\"94\" srcset=\"https:\/\/www.durodynecanada.com\/wp-content\/uploads\/E-Blast_Pics\/pls.jpg 800w, https:\/\/www.durodynecanada.com\/wp-content\/uploads\/E-Blast_Pics\/pls-300x297.jpg 300w, https:\/\/www.durodynecanada.com\/wp-content\/uploads\/E-Blast_Pics\/pls-100x100.jpg 100w, https:\/\/www.durodynecanada.com\/wp-content\/uploads\/E-Blast_Pics\/pls-600x595.jpg 600w, https:\/\/www.durodynecanada.com\/wp-content\/uploads\/E-Blast_Pics\/pls-150x150.jpg 150w, https:\/\/www.durodynecanada.com\/wp-content\/uploads\/E-Blast_Pics\/pls-768x761.jpg 768w, https:\/\/www.durodynecanada.com\/wp-content\/uploads\/E-Blast_Pics\/pls-75x75.jpg 75w, https:\/\/www.durodynecanada.com\/wp-content\/uploads\/E-Blast_Pics\/pls-540x535.jpg 540w\" sizes=\"(max-width: 95px) 100vw, 95px\" \/> <img loading=\"lazy\" decoding=\"async\" class=\"alignnone wp-image-6456\" src=\"https:\/\/www.durodynecanada.com\/wp-content\/uploads\/E-Blast_Pics\/lsu.jpg\" alt=\"LSU Liner Sizer\" width=\"95\" height=\"82\" srcset=\"https:\/\/www.durodynecanada.com\/wp-content\/uploads\/E-Blast_Pics\/lsu.jpg 800w, https:\/\/www.durodynecanada.com\/wp-content\/uploads\/E-Blast_Pics\/lsu-600x517.jpg 600w, https:\/\/www.durodynecanada.com\/wp-content\/uploads\/E-Blast_Pics\/lsu-300x258.jpg 300w, https:\/\/www.durodynecanada.com\/wp-content\/uploads\/E-Blast_Pics\/lsu-768x661.jpg 768w, https:\/\/www.durodynecanada.com\/wp-content\/uploads\/E-Blast_Pics\/lsu-540x465.jpg 540w\" sizes=\"(max-width: 95px) 100vw, 95px\" \/><\/td>\n<td style=\"text-align: left;\" width=\"50%\">6 aout 2019 <strong><a href=\"https:\/\/conta.cc\/31kDO7Q\">PLSU2, LSU and ASVC2<\/a><\/strong> (Insulation Cutters and Vane Cutter)<\/td>\n<\/tr>\n<tr>\n<td width=\"25%\"><img loading=\"lazy\" decoding=\"async\" class=\"alignnone wp-image-6445\" src=\"https:\/\/www.durodynecanada.com\/wp-content\/uploads\/D-MATE_Pics\/ez_connector_logo_1.jpg\" alt=\"EZ Connector Logo 1\" width=\"275\" height=\"103\" srcset=\"https:\/\/www.durodynecanada.com\/wp-content\/uploads\/D-MATE_Pics\/ez_connector_logo_1.jpg 500w, https:\/\/www.durodynecanada.com\/wp-content\/uploads\/D-MATE_Pics\/ez_connector_logo_1-300x112.jpg 300w\" sizes=\"(max-width: 275px) 100vw, 275px\" \/><\/td>\n<td style=\"text-align: left;\" width=\"50%\">23 juillet 2019 <strong><a href=\"https:\/\/conta.cc\/2YcHqa2\">EZ Connector<\/a><\/strong>\u00ae (Corners and Bolts)<\/td>\n<\/tr>\n<tr>\n<td width=\"25%\"><img loading=\"lazy\" decoding=\"async\" class=\"alignnone wp-image-5753\" src=\"https:\/\/www.durodynecanada.com\/wp-content\/uploads\/2017\/04\/adh_ssfu-1024x847.jpg\" alt=\"\" width=\"105\" height=\"87\" srcset=\"https:\/\/www.durodynecanada.com\/wp-content\/uploads\/2017\/04\/adh_ssfu-1024x847.jpg 1024w, https:\/\/www.durodynecanada.com\/wp-content\/uploads\/2017\/04\/adh_ssfu-600x497.jpg 600w, https:\/\/www.durodynecanada.com\/wp-content\/uploads\/2017\/04\/adh_ssfu-300x248.jpg 300w, https:\/\/www.durodynecanada.com\/wp-content\/uploads\/2017\/04\/adh_ssfu-768x636.jpg 768w, https:\/\/www.durodynecanada.com\/wp-content\/uploads\/2017\/04\/adh_ssfu-540x447.jpg 540w, https:\/\/www.durodynecanada.com\/wp-content\/uploads\/2017\/04\/adh_ssfu.jpg 1450w\" sizes=\"(max-width: 105px) 100vw, 105px\" \/> <img loading=\"lazy\" decoding=\"async\" class=\"alignnone wp-image-6442\" src=\"https:\/\/www.durodynecanada.com\/wp-content\/uploads\/2019\/02\/gbac_2019.jpg\" alt=\"GBAC_2019\" width=\"109\" height=\"60\" \/><\/td>\n<td style=\"text-align: left;\" width=\"50%\">09 juillet2019 <a href=\"https:\/\/conta.cc\/2NCWaPm\"><strong> Adhesive Applicators<\/strong><\/a><\/td>\n<\/tr>\n<tr>\n<td width=\"25%\"><img loading=\"lazy\" decoding=\"async\" class=\"alignnone wp-image-6446\" src=\"https:\/\/www.durodynecanada.com\/wp-content\/uploads\/2019\/06\/H-butyl-1-300x228.jpg\" alt=\"H Butyl Gasketing\" width=\"116\" height=\"88\" srcset=\"https:\/\/www.durodynecanada.com\/wp-content\/uploads\/2019\/06\/H-butyl-1-300x228.jpg 300w, https:\/\/www.durodynecanada.com\/wp-content\/uploads\/2019\/06\/H-butyl-1-600x457.jpg 600w, https:\/\/www.durodynecanada.com\/wp-content\/uploads\/2019\/06\/H-butyl-1-768x585.jpg 768w, https:\/\/www.durodynecanada.com\/wp-content\/uploads\/2019\/06\/H-butyl-1-540x411.jpg 540w, https:\/\/www.durodynecanada.com\/wp-content\/uploads\/2019\/06\/H-butyl-1.jpg 800w\" sizes=\"(max-width: 116px) 100vw, 116px\" \/><\/td>\n<td style=\"text-align: left;\" width=\"50%\">27 juin 2019 <a href=\"https:\/\/conta.cc\/2NheoGc\"><strong> H Butyl Gasket<\/strong><\/a><\/td>\n<\/tr>\n<tr>\n<td width=\"25%\"><img loading=\"lazy\" decoding=\"async\" class=\"wp-image-6069 alignleft\" src=\"https:\/\/www.durodynecanada.com\/wp-content\/uploads\/2019\/02\/pbf520.jpg\" alt=\"\" width=\"107\" height=\"100\" \/><\/td>\n<td style=\"text-align: left;\" width=\"50%\">12 juin 2019 <a href=\"https:\/\/conta.cc\/2IbE9Da\"><strong> PBF520 Pinspotter<\/strong><\/a><\/td>\n<\/tr>\n<tr>\n<td width=\"25%\"><img loading=\"lazy\" decoding=\"async\" class=\"wp-image-5949 alignleft\" src=\"https:\/\/www.durodynecanada.com\/wp-content\/uploads\/2018\/11\/fgmach3.jpg\" alt=\"FG MACH III Automatic Bulk Feed Pinspotter\" width=\"182\" height=\"100\" \/><\/td>\n<td width=\"50%\">28 mai 2019 <a href=\"https:\/\/conta.cc\/2EDNCkl\"><strong> FH MACH III Pinspotter<\/strong><\/a><\/td>\n<\/tr>\n<tr>\n<td width=\"25%\"><img loading=\"lazy\" decoding=\"async\" class=\"alignnone wp-image-6218\" src=\"https:\/\/www.durodynecanada.com\/wp-content\/uploads\/D-MATE_Pics\/dynoloc1.jpg\" alt=\"Dyn-O-Loc\" width=\"148\" height=\"55\" \/><\/td>\n<td width=\"50%\">7 mai 2019 <a href=\"https:\/\/conta.cc\/2H3euuB\"><strong> Dyn-O-Loc &amp; D-Stud<\/strong><\/a><\/td>\n<\/tr>\n<tr>\n<td width=\"25%\"><img loading=\"lazy\" decoding=\"async\" class=\"alignnone wp-image-6311\" src=\"https:\/\/www.durodynecanada.com\/wp-content\/uploads\/D-MATE_Pics\/dynowrap_dw_prw1-300x255.jpg\" alt=\"Dyn-O-Wrap DW and PRW\" width=\"100\" height=\"85\" srcset=\"https:\/\/www.durodynecanada.com\/wp-content\/uploads\/D-MATE_Pics\/dynowrap_dw_prw1-300x255.jpg 300w, https:\/\/www.durodynecanada.com\/wp-content\/uploads\/D-MATE_Pics\/dynowrap_dw_prw1-600x509.jpg 600w, https:\/\/www.durodynecanada.com\/wp-content\/uploads\/D-MATE_Pics\/dynowrap_dw_prw1-768x652.jpg 768w, https:\/\/www.durodynecanada.com\/wp-content\/uploads\/D-MATE_Pics\/dynowrap_dw_prw1-540x458.jpg 540w, https:\/\/www.durodynecanada.com\/wp-content\/uploads\/D-MATE_Pics\/dynowrap_dw_prw1.jpg 800w\" sizes=\"(max-width: 100px) 100vw, 100px\" \/><\/td>\n<td width=\"50%\">23 avril 2019 <a href=\"https:\/\/conta.cc\/2Zu6YBh\"><strong> Dyn-O-Wrap<\/strong><\/a><\/td>\n<\/tr>\n<tr>\n<td width=\"25%\"><img loading=\"lazy\" decoding=\"async\" class=\"alignnone wp-image-6395\" src=\"https:\/\/www.durodynecanada.com\/wp-content\/uploads\/E-Blast_Pics\/SRE516-300x143.jpg\" alt=\"SRE516 E Blast\" width=\"126\" height=\"60\" \/><\/td>\n<td width=\"50%\">10 avril 2019 <a href=\"https:\/\/conta.cc\/2Kq6AjY\"><strong> SRE516 Slide Rapit Extension<\/strong><\/a><\/td>\n<\/tr>\n<tr>\n<td width=\"25%\"><img loading=\"lazy\" decoding=\"async\" class=\"alignnone wp-image-6242\" src=\"https:\/\/www.durodynecanada.com\/wp-content\/uploads\/D-MATE_Pics\/cleattool_magnetic_yellow.jpg\" alt=\"Universal Magnetic Cleat Tool\" width=\"100\" height=\"52\" \/><\/td>\n<td width=\"50%\">26 mars 2019 <a href=\"https:\/\/conta.cc\/2JKDefI\"><strong> Universal Cleat Tool<\/strong><\/a><\/td>\n<\/tr>\n<tr>\n<td width=\"25%\"><img loading=\"lazy\" decoding=\"async\" class=\"alignnone wp-image-6392\" src=\"https:\/\/www.durodynecanada.com\/wp-content\/uploads\/E-Blast_Pics\/dcec_2018.jpg\" alt=\"DCEC DynOCoat\" width=\"126\" height=\"100\" \/><\/td>\n<td width=\"50%\">12 mars 2019 <a href=\"https:\/\/conta.cc\/2EVoTr6\"><strong> Dyn-O-Coat<\/strong><\/a><\/td>\n<\/tr>\n<tr>\n<td width=\"25%\"><img loading=\"lazy\" decoding=\"async\" class=\"alignnone wp-image-6072\" src=\"https:\/\/www.durodynecanada.com\/wp-content\/uploads\/2019\/02\/stripper_2018.jpg\" alt=\"\" width=\"58\" height=\"100\" \/><\/td>\n<td width=\"50%\">27 f\u00e9vrier 2019<strong> <a href=\"https:\/\/conta.cc\/2EkzUSJ\">The Stripper &#8211; Degalvanizer<\/a><\/strong><\/td>\n<\/tr>\n<tr>\n<td width=\"25%\"><img loading=\"lazy\" decoding=\"async\" class=\"alignnone wp-image-6396\" src=\"https:\/\/www.durodynecanada.com\/wp-content\/uploads\/E-Blast_Pics\/bb_brush_eblast.jpg\" alt=\"BB_Brushes_EBlast\" width=\"145\" height=\"100\" srcset=\"https:\/\/www.durodynecanada.com\/wp-content\/uploads\/E-Blast_Pics\/bb_brush_eblast.jpg 250w, https:\/\/www.durodynecanada.com\/wp-content\/uploads\/E-Blast_Pics\/bb_brush_eblast-100x70.jpg 100w\" sizes=\"(max-width: 145px) 100vw, 145px\" \/><\/td>\n<td width=\"50%\">27 novembre 2018<strong> <a href=\"https:\/\/conta.cc\/2Ragy8C\">Bristle Brushes<\/a><\/strong><\/td>\n<\/tr>\n<tr>\n<td width=\"25%\"><img loading=\"lazy\" decoding=\"async\" class=\"alignnone wp-image-6394\" src=\"https:\/\/www.durodynecanada.com\/wp-content\/uploads\/E-Blast_Pics\/pink-butyl-gasket-roll_1-300x208.jpg\" alt=\"Pink Butyl Gasket for EBlast\" width=\"100\" height=\"69\" srcset=\"https:\/\/www.durodynecanada.com\/wp-content\/uploads\/E-Blast_Pics\/pink-butyl-gasket-roll_1-300x208.jpg 300w, https:\/\/www.durodynecanada.com\/wp-content\/uploads\/E-Blast_Pics\/pink-butyl-gasket-roll_1-100x70.jpg 100w, https:\/\/www.durodynecanada.com\/wp-content\/uploads\/E-Blast_Pics\/pink-butyl-gasket-roll_1.jpg 400w\" sizes=\"(max-width: 100px) 100vw, 100px\" \/><\/td>\n<td width=\"50%\">13 novembre 2018<strong> <a href=\"https:\/\/conta.cc\/2Ra0bJa\">Pink Butyl Gasketing<\/a><\/strong><\/td>\n<\/tr>\n<tr>\n<td width=\"25%\"><img loading=\"lazy\" decoding=\"async\" class=\"alignnone wp-image-6393\" src=\"https:\/\/www.durodynecanada.com\/wp-content\/uploads\/E-Blast_Pics\/dynaclick_set.jpg\" alt=\"Dyna Click set\" width=\"137\" height=\"75\" \/><\/td>\n<td width=\"50%\">30 octobre 2018 <a href=\"https:\/\/conta.cc\/2EaQcgU\"><strong>Dyna-Click<\/strong><\/a><\/td>\n<\/tr>\n<tr>\n<td width=\"25%\"><img loading=\"lazy\" decoding=\"async\" class=\"alignnone wp-image-6153\" src=\"https:\/\/www.durodynecanada.com\/wp-content\/uploads\/D-Tite_BRAK-IT\/brakit_100-300x214.jpg\" alt=\"\" width=\"99\" height=\"71\" srcset=\"https:\/\/www.durodynecanada.com\/wp-content\/uploads\/D-Tite_BRAK-IT\/brakit_100-300x214.jpg 300w, https:\/\/www.durodynecanada.com\/wp-content\/uploads\/D-Tite_BRAK-IT\/brakit_100-600x429.jpg 600w, https:\/\/www.durodynecanada.com\/wp-content\/uploads\/D-Tite_BRAK-IT\/brakit_100-540x386.jpg 540w, https:\/\/www.durodynecanada.com\/wp-content\/uploads\/D-Tite_BRAK-IT\/brakit_100.jpg 750w\" sizes=\"(max-width: 99px) 100vw, 99px\" \/><\/td>\n<td width=\"50%\">16 octobre 2018 <a href=\"https:\/\/conta.cc\/2RcMrgL\"><strong>Brak-It<\/strong><\/a><\/td>\n<\/tr>\n<tr>\n<td width=\"25%\"><img loading=\"lazy\" decoding=\"async\" class=\"alignnone wp-image-6134\" src=\"https:\/\/www.durodynecanada.com\/wp-content\/uploads\/D-Tite_Main\/cablecutterwc8_30344.jpg\" alt=\"DTRWC Cable Cutter for WC8 Wire Rope\" width=\"101\" height=\"29\" \/><\/td>\n<td width=\"50%\">2 octobre\u00a0 2018 <a href=\"https:\/\/conta.cc\/2RbXCGF\"><strong>Cable Cutter Heavy Duty<\/strong><\/a><\/td>\n<\/tr>\n<tr>\n<td width=\"25%\"><img loading=\"lazy\" decoding=\"async\" class=\"alignnone wp-image-6370\" src=\"https:\/\/www.durodynecanada.com\/wp-content\/uploads\/Tools_Images\/sak6_sheath-300x139.jpg\" alt=\"SAK6 Sheath\" width=\"99\" height=\"46\" srcset=\"https:\/\/www.durodynecanada.com\/wp-content\/uploads\/Tools_Images\/sak6_sheath-300x139.jpg 300w, https:\/\/www.durodynecanada.com\/wp-content\/uploads\/Tools_Images\/sak6_sheath-600x278.jpg 600w, https:\/\/www.durodynecanada.com\/wp-content\/uploads\/Tools_Images\/sak6_sheath-768x355.jpg 768w, https:\/\/www.durodynecanada.com\/wp-content\/uploads\/Tools_Images\/sak6_sheath-540x250.jpg 540w, https:\/\/www.durodynecanada.com\/wp-content\/uploads\/Tools_Images\/sak6_sheath.jpg 800w\" sizes=\"(max-width: 99px) 100vw, 99px\" \/><\/td>\n<td width=\"50%\">18 sept 2018 <a href=\"https:\/\/conta.cc\/2RdYElw\"><strong>SAK6 Stainless Knife with Sheath<\/strong><\/a><\/td>\n<\/tr>\n<tr>\n<td style=\"text-align: left;\" width=\"25%\"><img loading=\"lazy\" decoding=\"async\" class=\"alignnone wp-image-6226\" src=\"https:\/\/www.durodynecanada.com\/wp-content\/uploads\/D-MATE_Pics\/perfplasticstrap-150x150.jpg\" alt=\"Perforated Plastic Hanging Strap\" width=\"100\" height=\"57\" srcset=\"https:\/\/www.durodynecanada.com\/wp-content\/uploads\/D-MATE_Pics\/perfplasticstrap-300x171.jpg 300w, https:\/\/www.durodynecanada.com\/wp-content\/uploads\/D-MATE_Pics\/perfplasticstrap-540x307.jpg 540w, https:\/\/www.durodynecanada.com\/wp-content\/uploads\/D-MATE_Pics\/perfplasticstrap-360x204.jpg 360w, https:\/\/www.durodynecanada.com\/wp-content\/uploads\/D-MATE_Pics\/perfplasticstrap.jpg 562w\" sizes=\"(max-width: 100px) 100vw, 100px\" \/><\/td>\n<td style=\"text-align: left;\" width=\"50%\">4 sept 2018<strong> <a href=\"https:\/\/conta.cc\/2RaT1EG\">Perforated Plastic Hanging Strap<\/a><\/strong><\/td>\n<\/tr>\n<\/tbody>\n<\/table>\n","protected":false},"excerpt":{"rendered":"<p>DURO DYNE CANADA ARCHIVES DES E-MAIL-BULLETINS Veuillez cliquer sur l&rsquo;un des liens ci-dessous (en bleu) pour consulter nos anciens courriels. Envoyez un courriel \u00e0 Duro Dyne Canada avec votre nom complet, le nom de votre entreprise, la ville et la province ainsi que votre adresse courriel pour \u00eatre ajout\u00e9 \u00e0 notre liste de contacts. 20 &hellip;<\/p>\n","protected":false},"author":7,"featured_media":0,"parent":0,"menu_order":0,"comment_status":"closed","ping_status":"closed","template":"","meta":{"_acf_changed":false,"footnotes":""},"acf":[],"_links":{"self":[{"href":"https:\/\/www.durodynecanada.com\/fr\/wp-json\/wp\/v2\/pages\/6986"}],"collection":[{"href":"https:\/\/www.durodynecanada.com\/fr\/wp-json\/wp\/v2\/pages"}],"about":[{"href":"https:\/\/www.durodynecanada.com\/fr\/wp-json\/wp\/v2\/types\/page"}],"author":[{"embeddable":true,"href":"https:\/\/www.durodynecanada.com\/fr\/wp-json\/wp\/v2\/users\/7"}],"replies":[{"embeddable":true,"href":"https:\/\/www.durodynecanada.com\/fr\/wp-json\/wp\/v2\/comments?post=6986"}],"version-history":[{"count":1,"href":"https:\/\/www.durodynecanada.com\/fr\/wp-json\/wp\/v2\/pages\/6986\/revisions"}],"predecessor-version":[{"id":7059,"href":"https:\/\/www.durodynecanada.com\/fr\/wp-json\/wp\/v2\/pages\/6986\/revisions\/7059"}],"wp:attachment":[{"href":"https:\/\/www.durodynecanada.com\/fr\/wp-json\/wp\/v2\/media?parent=6986"}],"curies":[{"name":"wp","href":"https:\/\/api.w.org\/{rel}","templated":true}]}}