{"id":6700,"date":"2017-03-16T18:40:29","date_gmt":"2017-03-16T18:40:29","guid":{"rendered":"https:\/\/www.durodynecanada.com\/about-duro-dyne\/about-us\/"},"modified":"2025-11-06T12:45:53","modified_gmt":"2025-11-06T17:45:53","slug":"a-propos-de-nous","status":"publish","type":"page","link":"https:\/\/www.durodynecanada.com\/fr\/a-propos-de-duro-dyne\/a-propos-de-nous\/","title":{"rendered":"\u00c0 Propos de Nous"},"content":{"rendered":"<div id=\"pl-963\" class=\"panel-layout\">\n<div id=\"pg-963-0\" class=\"panel-grid panel-no-style\" data-style=\"{&quot;background_display&quot;:&quot;tile&quot;}\">\n<div id=\"pgc-963-0-0\" class=\"panel-grid-cell panel-grid-cell-empty\" data-weight=\"0.1\">\n<p><strong>Depuis 1952<\/strong>, nous soutenons les distributeurs et leurs clients en leur offrant des produits fiables et de haute qualit\u00e9 provenant de marques de confiance. Ce qui a commenc\u00e9 dans l&rsquo;industrie du CVAC s&rsquo;est \u00e9tendu aux solutions \u00e9lectriques, toujours avec le m\u00eame engagement envers la qualit\u00e9 et le service \u00e0 la client\u00e8le.<\/p>\n<p>Aujourd&rsquo;hui, <strong>Lennox CSS Canada<\/strong> propose des solutions provenant de plus de <strong>15 marques de premier plan<\/strong>, aidant les distributeurs \u00e0 maintenir les bons produits en stock, avec moins de formulaires, moins de tracas et un soutiens accru.<\/p>\n<p>Nous avons b\u00e2ti notre r\u00e9putation sur <strong>un service exceptionnel, l&rsquo;innovation et la fiabilit\u00e9<\/strong>. Nos outils num\u00e9riques et notre approche agile facilitent les op\u00e9rations des distributeurs et font de nous un fournisseur plus simple et plus efficace avec qui collaborer.<\/p>\n<p><strong>Faites \u00e9quipe avec Lennox CSS Canada<\/strong> et d\u00e9couvrez comment nos <strong>quatre piliers &#8211; Engagement, Progr\u00e8s, Agilit\u00e9 et Bienveillance<\/strong> &#8211; font progresser l&rsquo;industrie.<\/p>\n<p><strong>Attendez-en plus de votre fournisseur<\/strong>. Choisissez une \u00e9quipe qui met votre succ\u00e8s avant tout.<\/p>\n<\/div>\n<\/div>\n<\/div>\n","protected":false},"excerpt":{"rendered":"<p>Depuis 1952, nous soutenons les distributeurs et leurs clients en leur offrant des produits fiables et de haute qualit\u00e9 provenant de marques de confiance. Ce qui a commenc\u00e9 dans l&rsquo;industrie du CVAC s&rsquo;est \u00e9tendu aux solutions \u00e9lectriques, toujours avec le m\u00eame engagement envers la qualit\u00e9 et le service \u00e0 la client\u00e8le. Aujourd&rsquo;hui, Lennox CSS Canada &hellip;<\/p>\n","protected":false},"author":15,"featured_media":0,"parent":6695,"menu_order":1,"comment_status":"closed","ping_status":"closed","template":"","meta":{"_acf_changed":false,"footnotes":""},"acf":[],"_links":{"self":[{"href":"https:\/\/www.durodynecanada.com\/fr\/wp-json\/wp\/v2\/pages\/6700"}],"collection":[{"href":"https:\/\/www.durodynecanada.com\/fr\/wp-json\/wp\/v2\/pages"}],"about":[{"href":"https:\/\/www.durodynecanada.com\/fr\/wp-json\/wp\/v2\/types\/page"}],"author":[{"embeddable":true,"href":"https:\/\/www.durodynecanada.com\/fr\/wp-json\/wp\/v2\/users\/15"}],"replies":[{"embeddable":true,"href":"https:\/\/www.durodynecanada.com\/fr\/wp-json\/wp\/v2\/comments?post=6700"}],"version-history":[{"count":6,"href":"https:\/\/www.durodynecanada.com\/fr\/wp-json\/wp\/v2\/pages\/6700\/revisions"}],"predecessor-version":[{"id":9182,"href":"https:\/\/www.durodynecanada.com\/fr\/wp-json\/wp\/v2\/pages\/6700\/revisions\/9182"}],"up":[{"embeddable":true,"href":"https:\/\/www.durodynecanada.com\/fr\/wp-json\/wp\/v2\/pages\/6695"}],"wp:attachment":[{"href":"https:\/\/www.durodynecanada.com\/fr\/wp-json\/wp\/v2\/media?parent=6700"}],"curies":[{"name":"wp","href":"https:\/\/api.w.org\/{rel}","templated":true}]}}