{"id":6662,"date":"2022-05-03T15:49:42","date_gmt":"2022-05-03T19:49:42","guid":{"rendered":"https:\/\/www.durodynecanada.com\/accueil\/"},"modified":"2022-06-16T16:37:33","modified_gmt":"2022-06-16T20:37:33","slug":"accueil","status":"publish","type":"page","link":"https:\/\/www.durodynecanada.com\/fr\/","title":{"rendered":"Accueil"},"content":{"rendered":"<div id=\"pl-6662\"  class=\"panel-layout\" ><div id=\"pg-6662-0\"  class=\"panel-grid panel-has-style\" ><div class=\"siteorigin-panels-stretch panel-row-style panel-row-style-for-6662-0\" data-stretch-type=\"full-stretched\" ><div id=\"pgc-6662-0-0\"  class=\"panel-grid-cell\" ><div id=\"panel-6662-0-0-0\" class=\"so-panel widget widget_pw_hero_columns widget-hero-columns panel-first-child panel-last-child\" data-index=\"0\" >\t\t\t\t<div class=\"hero-columns\" id=\"hero-columns-widget-0-0-0\">\n\t\t\t\t\t\t\t\t\t\t\t<div class=\"hero-columns__item\" style=\"background-image: url('\/wp-content\/uploads\/2017\/03\/spirale-duo-bleu.png')\">\n\t\t\t\t\t\t\t<div class=\"hero-columns__content\">\n\t\t\t\t\t\t\t\t\t<h3 class=\"hero-columns__title\">Des produits<\/h3>\n\t\t\t\t\t\t\t\t\t<div class=\"hero-columns__text\">\n\t\t\t\t\t\t\t\t\t\tDuro Dyne - Le plus grand nom des n\u00e9cessit\u00e9s en t\u00f4le\u00a0!\t\t\t\t\t\t\t\t\t<\/div>\n\t\t\t\t\t\t\t<\/div>\n\t\t\t\t\t\t\t<a class=\"hero-columns__cta\" href=\"\/fr\/nos-produits\/\" target=\"_self\">\n\t\t\t\t\t\t\t\tLire la suite\t\t\t\t\t\t\t<\/a>\n\t\t\t\t\t\t\t<div class=\"hero-columns__overlay\" style=\"background-color: rgba(0, 0, 0, 0)\"><\/div>\n\t\t\t\t\t\t<\/div>\n\t\t\t\t\t\t\t\t\t\t\t<div class=\"hero-columns__item\" style=\"background-image: url('\/wp-content\/uploads\/2017\/03\/usine-duo-bleu.png')\">\n\t\t\t\t\t\t\t<div class=\"hero-columns__content\">\n\t\t\t\t\t\t\t\t\t<h3 class=\"hero-columns__title\">O\u00f9 acheter<\/h3>\n\t\t\t\t\t\t\t\t\t<div class=\"hero-columns__text\">\n\t\t\t\t\t\t\t\t\t\t\t\t\t\t\t\t\t\t\t<\/div>\n\t\t\t\t\t\t\t<\/div>\n\t\t\t\t\t\t\t<a class=\"hero-columns__cta\" href=\"\/fr\/ou-acheter\/\" target=\"_self\">\n\t\t\t\t\t\t\t\tLire la suite\t\t\t\t\t\t\t<\/a>\n\t\t\t\t\t\t\t<div class=\"hero-columns__overlay\" style=\"background-color: rgba(0, 0, 0, 0)\"><\/div>\n\t\t\t\t\t\t<\/div>\n\t\t\t\t\t\t\t\t\t\t\t<div class=\"hero-columns__item\" style=\"background-image: url('\/wp-content\/uploads\/2017\/03\/canalisation-duo-bleu.png')\">\n\t\t\t\t\t\t\t<div class=\"hero-columns__content\">\n\t\t\t\t\t\t\t\t\t<h3 class=\"hero-columns__title\">Nouveaux produits<\/h3>\n\t\t\t\t\t\t\t\t\t<div class=\"hero-columns__text\">\n\t\t\t\t\t\t\t\t\t\t\t\t\t\t\t\t\t\t\t<\/div>\n\t\t\t\t\t\t\t<\/div>\n\t\t\t\t\t\t\t<a class=\"hero-columns__cta\" href=\"\/fr\/nos-produits\/nouveaux-produits\/\" target=\"_self\">\n\t\t\t\t\t\t\t\tLire la suite\t\t\t\t\t\t\t<\/a>\n\t\t\t\t\t\t\t<div class=\"hero-columns__overlay\" style=\"background-color: rgba(0, 0, 0, 0)\"><\/div>\n\t\t\t\t\t\t<\/div>\n\t\t\t\t\t\t\t\t\t<\/div>\n\t\t\t<\/div><\/div><\/div><\/div><div id=\"pg-6662-1\"  class=\"panel-grid panel-no-style\" ><div id=\"pgc-6662-1-0\"  class=\"panel-grid-cell\" ><div id=\"panel-6662-1-0-0\" class=\"so-panel widget widget_sow-editor panel-first-child panel-last-child\" data-index=\"1\" ><div\n\t\t\t\n\t\t\tclass=\"so-widget-sow-editor so-widget-sow-editor-base\"\n\t\t\t\n\t\t>\n<div class=\"siteorigin-widget-tinymce textwidget\">\n\t<h3>Duro Dyne Canada Inc.<\/h3>\n<p>Fond\u00e9e en 1959, Duro Dyne Canada Inc. fabrique et distribue la gamme la plus compl\u00e8te d'accessoires et d'\u00e9quipements en t\u00f4le pour l'industrie du chauffage, de la ventilation et de la climatisation au Canada.<\/p>\n<\/div>\n<\/div><\/div><\/div><div id=\"pgc-6662-1-1\"  class=\"panel-grid-cell\" ><div id=\"panel-6662-1-1-0\" class=\"so-panel widget widget_sow-editor panel-first-child panel-last-child\" data-index=\"2\" ><div\n\t\t\t\n\t\t\tclass=\"so-widget-sow-editor so-widget-sow-editor-base\"\n\t\t\t\n\t\t>\n<div class=\"siteorigin-widget-tinymce textwidget\">\n\t<p style=\"text-align: center;\"><img loading=\"lazy\" decoding=\"async\" class=\"alignnone size-full wp-image-953\" src=\"\/wp-content\/uploads\/2017\/03\/BatisseDDR.png\" alt=\"\" width=\"80\" height=\"80\" srcset=\"https:\/\/www.durodynecanada.com\/wp-content\/uploads\/2017\/03\/BatisseDDR.png 110w, https:\/\/www.durodynecanada.com\/wp-content\/uploads\/2017\/03\/BatisseDDR-100x100.png 100w\" sizes=\"(max-width: 80px) 100vw, 80px\" \/><\/p>\n<p style=\"text-align: center;\"><a style=\"color: #333333;\" href=\"https:\/\/www.durodynecanada.com\/fr\/a-propos-de-duro-dyne\/a-propos-de-nous\/\"><strong>Qui Somme Nous<\/strong><\/a><\/p>\n<\/div>\n<\/div><\/div><\/div><div id=\"pgc-6662-1-2\"  class=\"panel-grid-cell\" ><div id=\"panel-6662-1-2-0\" class=\"so-panel widget widget_sow-editor panel-first-child panel-last-child\" data-index=\"3\" ><div\n\t\t\t\n\t\t\tclass=\"so-widget-sow-editor so-widget-sow-editor-base\"\n\t\t\t\n\t\t>\n<div class=\"siteorigin-widget-tinymce textwidget\">\n\t<p style=\"text-align: center;\"><img loading=\"lazy\" decoding=\"async\" class=\"alignnone size-full wp-image-955\" src=\"\/wp-content\/uploads\/2017\/03\/PersonnalRoster.png\" alt=\"\" width=\"80\" height=\"80\" \/><\/p>\n<p style=\"text-align: center;\"><a style=\"color: #333333;\" href=\"https:\/\/www.durodynecanada.com\/fr\/a-propos-de-duro-dyne\/liste-du-personnel\/\"><strong>Liste du personnel<br \/>\n<\/strong><\/a><\/p>\n<\/div>\n<\/div><\/div><\/div><div id=\"pgc-6662-1-3\"  class=\"panel-grid-cell\" ><div id=\"panel-6662-1-3-0\" class=\"so-panel widget widget_sow-editor panel-first-child panel-last-child\" data-index=\"4\" ><div\n\t\t\t\n\t\t\tclass=\"so-widget-sow-editor so-widget-sow-editor-base\"\n\t\t\t\n\t\t>\n<div class=\"siteorigin-widget-tinymce textwidget\">\n\t<p style=\"text-align: center;\"><img loading=\"lazy\" decoding=\"async\" class=\"alignnone size-full wp-image-954\" src=\"\/wp-content\/uploads\/2017\/03\/Distributor.png\" alt=\"\" width=\"80\" height=\"80\" srcset=\"https:\/\/www.durodynecanada.com\/wp-content\/uploads\/2017\/03\/Distributor.png 110w, https:\/\/www.durodynecanada.com\/wp-content\/uploads\/2017\/03\/Distributor-100x100.png 100w\" sizes=\"(max-width: 80px) 100vw, 80px\" \/><\/p>\n<p style=\"text-align: center;\"><a style=\"color: #333333;\" href=\"https:\/\/www.durodynecanada.com\/about-duro-dyne\/distributor-training-manuel\/\"><strong>Manuel de formation<\/strong><\/a><\/p>\n<\/div>\n<\/div><\/div><\/div><\/div><div id=\"pg-6662-2\"  class=\"panel-grid panel-no-style\" ><div id=\"pgc-6662-2-0\"  class=\"panel-grid-cell\" ><div id=\"panel-6662-2-0-0\" class=\"so-panel widget widget_sow-editor panel-first-child panel-last-child\" data-index=\"5\" ><div\n\t\t\t\n\t\t\tclass=\"so-widget-sow-editor so-widget-sow-editor-base\"\n\t\t\t\n\t\t>\n<div class=\"siteorigin-widget-tinymce textwidget\">\n\t<hr \/>\n<\/div>\n<\/div><\/div><\/div><\/div><div id=\"pg-6662-3\"  class=\"panel-grid panel-has-style\" ><div class=\"siteorigin-panels-stretch panel-row-style panel-row-style-for-6662-3\" data-stretch-type=\"full\" ><div id=\"pgc-6662-3-0\"  class=\"panel-grid-cell\" ><div id=\"panel-6662-3-0-0\" class=\"so-panel widget widget_pw_portfolio_grid widget-portfolio-grid panel-first-child panel-last-child\" data-index=\"6\" >\t\t\t\t\t<div class=\"portfolio-grid  portfolio-grid--slider\" data-type=\"slider\">\n\t\t\t\t\t\t\t\t\t\t<nav class=\"portfolio-grid__header\">\n\t\t\t\t\t<a href=\"#\" class=\"portfolio-grid__mobile-filter  js-filter  btn  btn-primary  btn-sm  hidden-lg-up\">\n\t\t\t\t\t\t<span class=\"fa  fa-filter\"><\/span> &nbsp;\n\t\t\t\t\t\tFILTER\t\t\t\t\t<\/a>\n\n\t\t\t\t\t\t\t\t\t\t\t<h3 class=\"portfolio-grid__title\">Duro-web<\/h3>\n\t\t\t\t\t\n\t\t\t\t\t<ul class=\"portfolio-grid__nav  js-wpg-nav-holder\">\n\t\t\t\t\t\t<li class=\"portfolio-grid__nav-item  is-active\" >\n\t\t\t\t\t\t\t<a href=\"#widget-3-0-0-all\" data-category=\"*\" class=\"portfolio-grid__nav-link  js-wpg-nav\">Tout<\/a>\n\t\t\t\t\t\t<\/li>\n\t\t\t\t\t\t\t\t\t\t\t\t\t<li class=\"portfolio-grid__nav-item\">\n\t\t\t\t\t\t\t\t<a href=\"#widget-3-0-0-produit\" data-category=\"produit\" class=\"portfolio-grid__nav-link  js-wpg-nav\">Produit<\/a>\n\t\t\t\t\t\t\t<\/li>\n\t\t\t\t\t\t\t\t\t\t\t<\/ul>\n\t\t\t\t<\/nav>\n\n\t\t\t\t\t\t\t\t\t<div id=\"portfolio-grid-widget-3-0-0\" class=\"carousel  slide\" data-ride=\"carousel\" data-interval=\"false\">\n\t\t\t\t\t\t\t<div class=\"carousel-inner  js-wpg-items\" role=\"listbox\">\n\t\t\t\t\t\t\t\t<div class=\"carousel-item  active\">\n\t\t\t\t\t\t\t\t\t<div class=\"row\">\n\t\t\t\t\t\t\t\t\t\t\t\t\t<div class=\"col-xs-12  col-sm-6  col-lg-3  js-wpg-item\" data-categories=\"produit\">\n\t\t\t\t<a class=\"card  portfolio-grid__card  js-wpg-card\" href=\"https:\/\/www.durodynecanada.com\/fr\/portfolio\/automatic-universal-liner-sizer\/\">\n\t\t\t\t\t<img loading=\"lazy\" decoding=\"async\" width=\"295\" height=\"162\" src=\"https:\/\/www.durodynecanada.com\/wp-content\/uploads\/2017\/03\/plsu2.jpg\" class=\"card-img-top  portfolio-grid__card-img wp-post-image\" alt=\"\" \/>\t\t\t\t\t<div class=\"card-block  portfolio-grid__card-block\">\n\t\t\t\t\t\t\t\t\t\t\t\t<h5 class=\"card-title  portfolio-grid__card-title\">CALIBRAGE UNIVERSEL AUTOMATIQUE DE LINER<\/h5>\n\t\t\t\t\t\t\t\t\t\t\t\t\t\t\t\t\t<\/div>\n\t\t\t\t<\/a>\n\t\t\t<\/div>\n\t\t\t\t\t\t<div class=\"col-xs-12  col-sm-6  col-lg-3  js-wpg-item\" data-categories=\"produit\">\n\t\t\t\t<a class=\"card  portfolio-grid__card  js-wpg-card\" href=\"https:\/\/www.durodynecanada.com\/fr\/portfolio\/gear-driven-cable-operated-damper\/\">\n\t\t\t\t\t<img loading=\"lazy\" decoding=\"async\" width=\"175\" height=\"140\" src=\"https:\/\/www.durodynecanada.com\/wp-content\/uploads\/2017\/03\/cable_op_dampers.jpg\" class=\"card-img-top  portfolio-grid__card-img wp-post-image\" alt=\"\" \/>\t\t\t\t\t<div class=\"card-block  portfolio-grid__card-block\">\n\t\t\t\t\t\t\t\t\t\t\t\t<h5 class=\"card-title  portfolio-grid__card-title\">Amortisseur actionn\u00e9 par c\u00e2ble \u00e0 engrenages<\/h5>\n\t\t\t\t\t\t\t\t\t\t\t\t\t\t\t\t\t<\/div>\n\t\t\t\t<\/a>\n\t\t\t<\/div>\n\t\t\t\t\t\t<div class=\"col-xs-12  col-sm-6  col-lg-3  js-wpg-item\" data-categories=\"produit\">\n\t\t\t\t<a class=\"card  portfolio-grid__card  js-wpg-card\" href=\"https:\/\/www.durodynecanada.com\/fr\/portfolio\/ccd110-capacitor-discharge-welder\/\">\n\t\t\t\t\t<img loading=\"lazy\" decoding=\"async\" width=\"360\" height=\"180\" src=\"https:\/\/www.durodynecanada.com\/wp-content\/uploads\/2018\/11\/ccd110n-360x180.jpg\" class=\"card-img-top  portfolio-grid__card-img wp-post-image\" alt=\"CCD110N Soudeur \u00e0 d\u00e9charge de condensateur Pinspotter\" \/>\t\t\t\t\t<div class=\"card-block  portfolio-grid__card-block\">\n\t\t\t\t\t\t\t\t\t\t\t\t<h5 class=\"card-title  portfolio-grid__card-title\">CCD110N &#8211; Soudeuse \u00e0 d\u00e9charge de condensateur<\/h5>\n\t\t\t\t\t\t\t\t\t\t\t\t\t\t\t\t\t<\/div>\n\t\t\t\t<\/a>\n\t\t\t<\/div>\n\t\t\t\t\t\t<div class=\"col-xs-12  col-sm-6  col-lg-3  js-wpg-item\" data-categories=\"produit\">\n\t\t\t\t<a class=\"card  portfolio-grid__card  js-wpg-card\" href=\"https:\/\/www.durodynecanada.com\/fr\/portfolio\/large-appartments-2\/\">\n\t\t\t\t\t<img loading=\"lazy\" decoding=\"async\" width=\"225\" height=\"150\" src=\"https:\/\/www.durodynecanada.com\/wp-content\/uploads\/Tools_Images\/tools_block_thmbnl_1-e1559247332403.jpg\" class=\"card-img-top  portfolio-grid__card-img wp-post-image\" alt=\"\" \/>\t\t\t\t\t<div class=\"card-block  portfolio-grid__card-block\">\n\t\t\t\t\t\t\t\t\t\t\t\t<h5 class=\"card-title  portfolio-grid__card-title\">Outils manuels<\/h5>\n\t\t\t\t\t\t\t\t\t\t\t\t\t\t\t\t\t<\/div>\n\t\t\t\t<\/a>\n\t\t\t<\/div>\n\t\t\t<\/div><\/div><div class=\"carousel-item\"><div class=\"row\">\t\t\t<div class=\"col-xs-12  col-sm-6  col-lg-3  js-wpg-item\" data-categories=\"produit\">\n\t\t\t\t<a class=\"card  portfolio-grid__card  js-wpg-card\" href=\"https:\/\/www.durodynecanada.com\/fr\/portfolio\/large-appartments\/\">\n\t\t\t\t\t<img loading=\"lazy\" decoding=\"async\" width=\"360\" height=\"180\" src=\"https:\/\/www.durodynecanada.com\/wp-content\/uploads\/2017\/03\/gloves-360x180.jpg\" class=\"card-img-top  portfolio-grid__card-img wp-post-image\" alt=\"\" \/>\t\t\t\t\t<div class=\"card-block  portfolio-grid__card-block\">\n\t\t\t\t\t\t\t\t\t\t\t\t<h5 class=\"card-title  portfolio-grid__card-title\">Outils divers<\/h5>\n\t\t\t\t\t\t\t\t\t\t\t\t\t\t\t\t\t<\/div>\n\t\t\t\t<\/a>\n\t\t\t<\/div>\n\t\t\t\t\t\t\t\t\t\t\t\t<\/div>\n\t\t\t\t\t\t\t\t<\/div>\n\t\t\t\t\t\t\t<\/div>\n\t\t\t\t\t\t<\/div>\n\n\t\t\t\t\t\t<!-- <div class=\"portfolio-grid__arrows  js-wpg-arrows\"> -->\n\t\t\t\t\t\t\t<a class=\"portfolio-grid__arrow  portfolio-grid__arrow--left\" href=\"#portfolio-grid-widget-3-0-0\" role=\"button\" data-slide=\"prev\">\n\t\t\t\t\t\t\t\t<span class=\"fa fa-long-arrow-left\" aria-hidden=\"true\"><\/span>\n\t\t\t\t\t\t\t\t<span class=\"sr-only\">Pr\u00e9c\u00e9dent<\/span>\n\t\t\t\t\t\t\t<\/a><a class=\"portfolio-grid__arrow  portfolio-grid__arrow--right\" href=\"#portfolio-grid-widget-3-0-0\" role=\"button\" data-slide=\"next\">\n\t\t\t\t\t\t\t\t<span class=\"fa fa-long-arrow-right\" aria-hidden=\"true\"><\/span>\n\t\t\t\t\t\t\t\t<span class=\"sr-only\">Suivant<\/span>\n\t\t\t\t\t\t\t<\/a>\n\t\t\t\t\t\t<!-- <\/div> -->\n\n\t\t\t\t\t<\/div>\n\t\t\t\t\t<\/div><\/div><\/div><\/div><div id=\"pg-6662-4\"  class=\"panel-grid panel-no-style\" ><div id=\"pgc-6662-4-0\"  class=\"panel-grid-cell\" ><div id=\"panel-6662-4-0-0\" class=\"so-panel widget widget_pw_title_with_button widget-title-with-button panel-first-child panel-last-child\" data-index=\"7\" >\t\t\t\t<div class=\"title-with-button\">\n\t\t\t\t\t<h3 class=\"widget-title\"><span class=\"widget-title__inline\">Derni\u00e8res nouvelles<\/span><\/h3>\t\t\t\t\t<a href=\"\/?page_id=33\" target=\"_self\" class=\"btn  title-with-button__button\" title=\"Lire la suite\">Lire la suite<\/a>\n\t\t\t\t<\/div>\n\t\t\t<\/div><\/div><\/div><div id=\"pg-6662-5\"  class=\"panel-grid panel-no-style\" ><div id=\"pgc-6662-5-0\"  class=\"panel-grid-cell\" ><div id=\"panel-6662-5-0-0\" class=\"so-panel widget widget_pw_latest_news widget-latest-news panel-first-child panel-last-child\" data-index=\"8\" >\n\t\t\t\t\t\t<div class=\"card  latest-news  latest-news--block\">\n\t\t\t\t\n\t\t\t\t<div class=\"card-block  latest-news__content\">\n\t\t\t\t\t\t\t\t\t\t<h4 class=\"card-title  latest-news__title\"><a href=\"https:\/\/www.durodynecanada.com\/fr\/duro-dyne-e-blasts\/\">Duro Dyne E-Blasts<\/a><\/h4>\n\t\t\t\t\t<div class=\"card-text  latest-news__text\">\n\t\t\t\t\t\tDuro Dyne Canada a envoy\u00e9 des courriels sur les produits en vedette. Si vous souhaitez \u00eatre ajout\u00e9 \u00e0 notre liste de contacts E-Blast, veuillez envoyer un courriel \u00e0 Duro Dyne Canada avec votre nom complet, le nom de votre entreprise, votre ville et province et votre adresse courriel et nous vous ajouterons \u00e0 la liste! &hellip;\t\t\t\t\t<\/div>\n\t\t\t\t<\/div>\n\t\t\t<\/div>\n\t\t\t\t\t\n<\/div><\/div><div id=\"pgc-6662-5-1\"  class=\"panel-grid-cell\" ><div id=\"panel-6662-5-1-0\" class=\"so-panel widget widget_pw_latest_news widget-latest-news panel-first-child panel-last-child\" data-index=\"9\" >\n\t\t\t\t\t\t<div class=\"card  latest-news  latest-news--block\">\n\t\t\t\t\n\t\t\t\t<div class=\"card-block  latest-news__content\">\n\t\t\t\t\t\t\t\t\t\t<h4 class=\"card-title  latest-news__title\"><a href=\"https:\/\/www.durodynecanada.com\/fr\/scenes-from-arh-expo-2019\/\">Sc\u00e8nes de l'ARH Expo 2019<\/a><\/h4>\n\t\t\t\t\t<div class=\"card-text  latest-news__text\">\n\t\t\t\t\t\tSc\u00e8nes de l'ARH Expo 2019 L'un des points forts de notre cycle de vente annuel est la participation au salon AHR Expo. Cette ann\u00e9e, le spectacle a eu lieu du 14 au 16 janvier 2019 \u00e0 Atlanta, o\u00f9 nous esp\u00e9rions obtenir un soulagement du froid de l'hiver, mais le Peach State n'a fourni aucun r\u00e9pit. &hellip;\t\t\t\t\t<\/div>\n\t\t\t\t<\/div>\n\t\t\t<\/div>\n\t\t\t\t\t\n<\/div><\/div><div id=\"pgc-6662-5-2\"  class=\"panel-grid-cell\" ><div id=\"panel-6662-5-2-0\" class=\"so-panel widget widget_pw_latest_news widget-latest-news panel-first-child panel-last-child\" data-index=\"10\" >\n\t\t\t<div class=\"latest-news__container\">\n\t\t\t\t\t\t\t<a href=\"https:\/\/www.durodynecanada.com\/fr\/good-times\/\" class=\"card  latest-news  latest-news--inline\">\n\t\t\t\t\t<div class=\"card-block  latest-news__content\">\n\t\t\t\t\t\t<h4 class=\"card-title  latest-news__title\">Bulletin des bons moments<\/h4>\n\t\t\t\t\t\t<time class=\"latest-news__date\" datetime=\"2019-01-26T09:04:50-05:00\">\n\t\t\t\t\t\t\tjanvier 26, 2019\t\t\t\t\t\t<\/time>\n\t\t\t\t\t<\/div>\n\t\t\t\t<\/a>\n\t\t\t\t\t\t\t<a href=\"https:\/\/www.durodynecanada.com\/fr\/post-show-ahr-expo-2017-2\/\" class=\"card  latest-news  latest-news--inline\">\n\t\t\t\t\t<div class=\"card-block  latest-news__content\">\n\t\t\t\t\t\t<h4 class=\"card-title  latest-news__title\">Apr\u00e8s le salon AHR Expo 2017<\/h4>\n\t\t\t\t\t\t<time class=\"latest-news__date\" datetime=\"2017-03-26T09:10:56-04:00\">\n\t\t\t\t\t\t\tmars 26, 2017\t\t\t\t\t\t<\/time>\n\t\t\t\t\t<\/div>\n\t\t\t\t<\/a>\n\t\t\t\t\t\t\t<a href=\"https:\/\/www.durodynecanada.com\/fr\/durodynepink\/\" class=\"card  latest-news  latest-news--inline\">\n\t\t\t\t\t<div class=\"card-block  latest-news__content\">\n\t\t\t\t\t\t<h4 class=\"card-title  latest-news__title\">#DuroDynePink<\/h4>\n\t\t\t\t\t\t<time class=\"latest-news__date\" datetime=\"2017-03-26T09:10:30-04:00\">\n\t\t\t\t\t\t\tmars 26, 2017\t\t\t\t\t\t<\/time>\n\t\t\t\t\t<\/div>\n\t\t\t\t<\/a>\n\t\t\t\t\t\t\t<a href=\"https:\/\/www.durodynecanada.com\/fr\/companions-in-courage-foundation-2\/\" class=\"card  latest-news  latest-news--inline\">\n\t\t\t\t\t<div class=\"card-block  latest-news__content\">\n\t\t\t\t\t\t<h4 class=\"card-title  latest-news__title\">Fondation Compagnons de Courage<\/h4>\n\t\t\t\t\t\t<time class=\"latest-news__date\" datetime=\"2017-03-26T09:09:43-04:00\">\n\t\t\t\t\t\t\tmars 26, 2017\t\t\t\t\t\t<\/time>\n\t\t\t\t\t<\/div>\n\t\t\t\t<\/a>\n\t\t\t\n\t\t\t\t\t<\/div>\n\t\n<\/div><\/div><\/div><div id=\"pg-6662-6\"  class=\"panel-grid panel-has-style\" ><div class=\"siteorigin-panels-stretch panel-row-style panel-row-style-for-6662-6\" data-stretch-type=\"full\" ><div id=\"pgc-6662-6-0\"  class=\"panel-grid-cell\" ><div id=\"panel-6662-6-0-0\" class=\"so-panel widget widget_pw_call_to_action widget-call-to-action panel-first-child panel-last-child\" data-index=\"11\" >\t\t\t\t<div class=\"call-to-action\">\n\t\t\t\t\t<div class=\"call-to-action__text\">\n\t\t\t\t\t\t<h4 class=\"call-to-action__title\">\n\t\t\t\t\t\t\t Duro Dyne Canada Inc. L'option pr\u00e9f\u00e9r\u00e9e pour tous vos besoins en CVC.\t\t\t\t\t\t<\/h4>\n\t\t\t\t\t\t\t\t\t\t\t<\/div>\n\t\t\t\t\t<div class=\"call-to-action__button\">\n\t\t\t\t\t\t<a class=\"btn  btn-primary\" href=\"http:\/\/ddr.kyoconseil.com\/?page_id=25\" target=\"_blank\"> Plus de produits<\/a>\t\t\t\t\t<\/div>\n\t\t\t\t<\/div>\n\t\t\t<\/div><\/div><\/div><\/div><div id=\"pg-6662-7\"  class=\"panel-grid panel-has-style\" ><div class=\"siteorigin-panels-stretch panel-row-style panel-row-style-for-6662-7\" data-stretch-type=\"full\" ><\/div><\/div><div id=\"pg-6662-8\"  class=\"panel-grid panel-no-style\" ><div id=\"pgc-6662-8-0\"  class=\"panel-grid-cell\" ><div id=\"panel-6662-8-0-0\" class=\"so-panel widget widget_sow-editor panel-first-child panel-last-child\" data-index=\"12\" ><div\n\t\t\t\n\t\t\tclass=\"so-widget-sow-editor so-widget-sow-editor-base\"\n\t\t\t\n\t\t>\n<div class=\"siteorigin-widget-tinymce textwidget\">\n\t<p><img decoding=\"async\" src=\"\/wp-content\/uploads\/2017\/03\/logo_ashrae.png\" width=\"50%\" height=\"50%\"><\/p>\n<\/div>\n<\/div><\/div><\/div><\/div><\/div>","protected":false},"excerpt":{"rendered":"<p>Duro Dyne Canada Inc. Fond\u00e9e en 1959, Duro Dyne Canada Inc. fabrique et distribue la gamme la plus compl\u00e8te d&rsquo;accessoires et d&rsquo;\u00e9quipements en t\u00f4le pour l&rsquo;industrie du chauffage, de la ventilation et de la climatisation au Canada. Qui Somme Nous Liste du personnel Manuel de formation<\/p>\n","protected":false},"author":15,"featured_media":0,"parent":0,"menu_order":1,"comment_status":"closed","ping_status":"closed","template":"","meta":{"_acf_changed":false,"footnotes":""},"acf":[],"_links":{"self":[{"href":"https:\/\/www.durodynecanada.com\/fr\/wp-json\/wp\/v2\/pages\/6662"}],"collection":[{"href":"https:\/\/www.durodynecanada.com\/fr\/wp-json\/wp\/v2\/pages"}],"about":[{"href":"https:\/\/www.durodynecanada.com\/fr\/wp-json\/wp\/v2\/types\/page"}],"author":[{"embeddable":true,"href":"https:\/\/www.durodynecanada.com\/fr\/wp-json\/wp\/v2\/users\/15"}],"replies":[{"embeddable":true,"href":"https:\/\/www.durodynecanada.com\/fr\/wp-json\/wp\/v2\/comments?post=6662"}],"version-history":[{"count":21,"href":"https:\/\/www.durodynecanada.com\/fr\/wp-json\/wp\/v2\/pages\/6662\/revisions"}],"predecessor-version":[{"id":6677,"href":"https:\/\/www.durodynecanada.com\/fr\/wp-json\/wp\/v2\/pages\/6662\/revisions\/6677"}],"wp:attachment":[{"href":"https:\/\/www.durodynecanada.com\/fr\/wp-json\/wp\/v2\/media?parent=6662"}],"curies":[{"name":"wp","href":"https:\/\/api.w.org\/{rel}","templated":true}]}}